
{"id":1098,"date":"2020-10-12T12:05:37","date_gmt":"2020-10-12T10:05:37","guid":{"rendered":"http:\/\/blog.vida.at\/pensionisten\/?page_id=1098"},"modified":"2021-05-25T12:57:23","modified_gmt":"2021-05-25T10:57:23","slug":"vida-ortsgruppen-burgenland","status":"publish","type":"page","link":"https:\/\/blog.vida.at\/pensionisten\/ortsgruppen\/vida-ortsgruppen-burgenland\/","title":{"rendered":"vida-Ortsgruppen Burgenland"},"content":{"rendered":"\n<div class=\"wp-block-group container\"><div class=\"wp-block-group__inner-container is-layout-flow wp-block-group-is-layout-flow\">\n<h2 class=\"wp-block-heading\">Ortsgruppe Burgenland-S\u00fcd &#8211; PensionistInnen<\/h2>\n\n\n\n<p class=\"container\"><strong>Ortsgruppen- und Pensionistenvorsitzender:<\/strong>  Kurt Wagner<\/p>\n\n\n\n<p><strong>Kontakt:<\/strong> Telefon: 0664\/5251107<\/p>\n\n\n\n<p><strong>Sprechstunde:<\/strong> Nach telefonischer Vereinbarung.<\/p>\n\n\n\n<p><strong>Ort:<\/strong> Im Betriebsratsb\u00fcro, W\u00f6rterberg 113, 8293 W\u00f6rterberg<\/p>\n\n\n\n<h2 class=\"wp-block-heading\">Ortsgruppe Eisenstadt &#8211; PensionistInnen<\/h2>\n\n\n\n<p><strong>Ortsgruppen- und Pensionistenvorsitzender:<\/strong> Josef Kotzenmacher<\/p>\n\n\n\n<p><strong>Kontakt:<\/strong> Telefon: 0664\/88460063 <br>E-Mail: kotzenmacher@gmx.at<\/p>\n\n\n\n<p>\u200b<strong>Sprechstunde:<\/strong> Nach telefonischer Vereinbarung<\/p>\n\n\n\n<h2 class=\"wp-block-heading\">Ortsgruppe Mattersburg &#8211; PensionistInnen<\/h2>\n\n\n\n<p><strong>Ortsgruppen- und Pensionistenvorsitzender:<\/strong> Johann Schandl<\/p>\n\n\n\n<p><strong>Kontakt:<\/strong> Telefon: 0664\/6145591<br>\u200b<strong>Sprechstunde:<\/strong> Nach telefonischer Vereinbarung<\/p>\n\n\n\n<h2 class=\"wp-block-heading\">Ortsgruppe Neusiedl\/See &#8211; PensionistInnen<\/h2>\n\n\n\n<p><strong>Ortsgruppen- und Pensionistenvorsitzender:<\/strong> Karl Aringer<\/p>\n\n\n\n<p><strong>Kontakt:<\/strong> Telefon: 0664\/2758626 <br><strong>Sprechstunde:<\/strong> Nach telefonischer Vereinbarung<\/p>\n\n\n\n<h2 class=\"wp-block-heading\">Ortsgruppe Oberpullendorf &#8211; PensionistInnen<\/h2>\n\n\n\n<p><strong>Ortsgruppen- und Pensionistenvorsitzender:<\/strong> Manfred Zolles<\/p>\n\n\n\n<p><strong>Kontakt:<\/strong> Telefon: 0680\/2260908<\/p>\n\n\n\n<p><strong>Sprechstunden:<\/strong> An folgenden Tagen: 23.01, 20.02., 20.03., 24.04, 22.05, 26.06, 18.09, 30.10., 27.11, 11.12.<\/p>\n\n\n\n<p>jeweils von 13 Uhr bis 15 Uhr <br><strong>Ort:<\/strong> Arbeiterkammer Oberpullendorf,&nbsp;Spitalstra\u00dfe 25,&nbsp;7350 Oberpullendorf<\/p>\n\n\n\n<h2 class=\"wp-block-heading\">Ortsgruppe Parndorf &#8211; PensionistInnen<\/h2>\n\n\n\n<p><strong>Ortsgruppen- und Pensionistenvorsitzender:<\/strong> Rudolf Kolba<\/p>\n\n\n\n<p><strong>Kontakt:<\/strong> Telefon: 0650\/3701920<\/p>\n\n\n\n<p><strong>Sprechstunde:<\/strong> Nach telefonischer Vereinbarung<\/p>\n\n\n\n<h2 class=\"wp-block-heading\">Ortsgruppe Wulkaprodersdorf<\/h2>\n\n\n\n<p><strong>Ortsgruppen- und Pensionistenvorsitzender:<\/strong> Rudolf Kaiser<\/p>\n\n\n\n<p><strong>Kontakt:<\/strong> Telefon: 0664\/6145770<\/p>\n\n\n\n<p><strong>Sprechstunde:<\/strong> Jeden Freitag von 8 Uhr bis 12 Uhr<\/p>\n\n\n\n<p><strong>Ort:<\/strong> Raab-Oedenburger Eisenbahn im Betriebsratszimmer, Bahnhofplatz 5, 7041 Wulkaprodersdorf<\/p>\n<\/div><\/div>\n","protected":false},"excerpt":{"rendered":"<p>Ortsgruppe Burgenland-S\u00fcd &#8211; PensionistInnen Ortsgruppen- und Pensionistenvorsitzender: Kurt Wagner Kontakt: Telefon: 0664\/5251107 Sprechstunde: Nach telefonischer Vereinbarung. Ort: Im Betriebsratsb\u00fcro, W\u00f6rterberg 113, 8293 W\u00f6rterberg Ortsgruppe Eisenstadt &#8211; PensionistInnen Ortsgruppen- und Pensionistenvorsitzender: Josef Kotzenmacher Kontakt: Telefon: 0664\/88460063 E-Mail: kotzenmacher@gmx.at \u200bSprechstunde: Nach telefonischer Vereinbarung Ortsgruppe Mattersburg &#8211; PensionistInnen Ortsgruppen- und Pensionistenvorsitzender: Johann Schandl Kontakt: Telefon: 0664\/6145591\u200bSprechstunde: Nach telefonischer &hellip; <\/p>\n<p class=\"link-more\"><a href=\"https:\/\/blog.vida.at\/pensionisten\/ortsgruppen\/vida-ortsgruppen-burgenland\/\" class=\"more-link\"><span class=\"screen-reader-text\">\u201evida-Ortsgruppen Burgenland\u201c <\/span>weiterlesen<\/a><\/p>\n","protected":false},"author":5,"featured_media":0,"parent":2267,"menu_order":0,"comment_status":"closed","ping_status":"closed","template":"","meta":{"_uag_custom_page_level_css":"","advgb_blocks_editor_width":"","advgb_blocks_columns_visual_guide":"","footnotes":""},"class_list":["post-1098","page","type-page","status-publish","hentry","entry"],"featured_image_urls":{"full":"","thumbnail":"","medium":"","medium_large":"","large":"","1536x1536":"","2048x2048":"","ab-block-post-grid-landscape":"","ab-block-post-grid-square":"","post-thumbnail":"","awb_sm":"","awb_md":"","awb_lg":"","awb_xl":""},"post_excerpt_stackable":"<p>Ortsgruppe Burgenland-S\u00fcd &#8211; PensionistInnen Ortsgruppen- und Pensionistenvorsitzender: Kurt Wagner Kontakt: Telefon: 0664\/5251107 Sprechstunde: Nach telefonischer Vereinbarung. Ort: Im Betriebsratsb\u00fcro, W\u00f6rterberg 113, 8293 W\u00f6rterberg Ortsgruppe Eisenstadt &#8211; PensionistInnen Ortsgruppen- und Pensionistenvorsitzender: Josef Kotzenmacher Kontakt: Telefon: 0664\/88460063 E-Mail: kotzenmacher@gmx.at \u200bSprechstunde: Nach telefonischer Vereinbarung Ortsgruppe Mattersburg &#8211; PensionistInnen Ortsgruppen- und Pensionistenvorsitzender: Johann Schandl Kontakt: Telefon: 0664\/6145591\u200bSprechstunde: Nach telefonischer Vereinbarung Ortsgruppe Neusiedl\/See &#8211; PensionistInnen Ortsgruppen- und Pensionistenvorsitzender: Karl Aringer Kontakt: Telefon: 0664\/2758626 Sprechstunde: Nach telefonischer Vereinbarung Ortsgruppe Oberpullendorf &#8211; PensionistInnen Ortsgruppen- und Pensionistenvorsitzender: Manfred Zolles Kontakt: Telefon: 0680\/2260908 Sprechstunden: An folgenden Tagen: 23.01, 20.02., 20.03., 24.04, 22.05, 26.06, 18.09, 30.10., 27.11, 11.12. jeweils von&hellip;<\/p>\n","category_list":"","author_info":{"name":"michaelafeik","url":"https:\/\/blog.vida.at\/pensionisten\/author\/michaelafeik\/"},"comments_num":"0 comments","featured_image_urls_v2":{"full":"","thumbnail":"","medium":"","medium_large":"","large":"","1536x1536":"","2048x2048":"","ab-block-post-grid-landscape":"","ab-block-post-grid-square":"","post-thumbnail":"","awb_sm":"","awb_md":"","awb_lg":"","awb_xl":""},"post_excerpt_stackable_v2":"<p>Ortsgruppe Burgenland-S\u00fcd &#8211; PensionistInnen Ortsgruppen- und Pensionistenvorsitzender: Kurt Wagner Kontakt: Telefon: 0664\/5251107 Sprechstunde: Nach telefonischer Vereinbarung. Ort: Im Betriebsratsb\u00fcro, W\u00f6rterberg 113, 8293 W\u00f6rterberg Ortsgruppe Eisenstadt &#8211; PensionistInnen Ortsgruppen- und Pensionistenvorsitzender: Josef Kotzenmacher Kontakt: Telefon: 0664\/88460063 E-Mail: kotzenmacher@gmx.at \u200bSprechstunde: Nach telefonischer Vereinbarung Ortsgruppe Mattersburg &#8211; PensionistInnen Ortsgruppen- und Pensionistenvorsitzender: Johann Schandl Kontakt: Telefon: 0664\/6145591\u200bSprechstunde: Nach telefonischer Vereinbarung Ortsgruppe Neusiedl\/See &#8211; PensionistInnen Ortsgruppen- und Pensionistenvorsitzender: Karl Aringer Kontakt: Telefon: 0664\/2758626 Sprechstunde: Nach telefonischer Vereinbarung Ortsgruppe Oberpullendorf &#8211; PensionistInnen Ortsgruppen- und Pensionistenvorsitzender: Manfred Zolles Kontakt: Telefon: 0680\/2260908 Sprechstunden: An folgenden Tagen: 23.01, 20.02., 20.03., 24.04, 22.05, 26.06, 18.09, 30.10., 27.11, 11.12. jeweils von&hellip;<\/p>\n","category_list_v2":"","author_info_v2":{"name":"michaelafeik","url":"https:\/\/blog.vida.at\/pensionisten\/author\/michaelafeik\/"},"comments_num_v2":"0 comments","yoast_head":"<!-- This site is optimized with the Yoast SEO plugin v27.3 - https:\/\/yoast.com\/product\/yoast-seo-wordpress\/ -->\n<title>vida-Ortsgruppen Burgenland - vida Pensionisten<\/title>\n<meta name=\"robots\" content=\"index, follow, max-snippet:-1, max-image-preview:large, max-video-preview:-1\" \/>\n<link rel=\"canonical\" href=\"https:\/\/blog.vida.at\/pensionisten\/ortsgruppen\/vida-ortsgruppen-burgenland\/\" \/>\n<meta property=\"og:locale\" content=\"de_DE\" \/>\n<meta property=\"og:type\" content=\"article\" \/>\n<meta property=\"og:title\" content=\"vida-Ortsgruppen Burgenland - vida Pensionisten\" \/>\n<meta property=\"og:description\" content=\"Ortsgruppe Burgenland-S\u00fcd &#8211; PensionistInnen Ortsgruppen- und Pensionistenvorsitzender: Kurt Wagner Kontakt: Telefon: 0664\/5251107 Sprechstunde: Nach telefonischer Vereinbarung. Ort: Im Betriebsratsb\u00fcro, W\u00f6rterberg 113, 8293 W\u00f6rterberg Ortsgruppe Eisenstadt &#8211; PensionistInnen Ortsgruppen- und Pensionistenvorsitzender: Josef Kotzenmacher Kontakt: Telefon: 0664\/88460063 E-Mail: kotzenmacher@gmx.at \u200bSprechstunde: Nach telefonischer Vereinbarung Ortsgruppe Mattersburg &#8211; PensionistInnen Ortsgruppen- und Pensionistenvorsitzender: Johann Schandl Kontakt: Telefon: 0664\/6145591\u200bSprechstunde: Nach telefonischer &hellip; \u201evida-Ortsgruppen Burgenland\u201c weiterlesen\" \/>\n<meta property=\"og:url\" content=\"https:\/\/blog.vida.at\/pensionisten\/ortsgruppen\/vida-ortsgruppen-burgenland\/\" \/>\n<meta property=\"og:site_name\" content=\"vida Pensionisten\" \/>\n<meta property=\"article:modified_time\" content=\"2021-05-25T10:57:23+00:00\" \/>\n<meta name=\"twitter:card\" content=\"summary_large_image\" \/>\n<meta name=\"twitter:label1\" content=\"Gesch\u00e4tzte Lesezeit\" \/>\n\t<meta name=\"twitter:data1\" content=\"1\u00a0Minute\" \/>\n<script type=\"application\/ld+json\" class=\"yoast-schema-graph\">{\"@context\":\"https:\\\/\\\/schema.org\",\"@graph\":[{\"@type\":\"WebPage\",\"@id\":\"https:\\\/\\\/blog.vida.at\\\/pensionisten\\\/ortsgruppen\\\/vida-ortsgruppen-burgenland\\\/\",\"url\":\"https:\\\/\\\/blog.vida.at\\\/pensionisten\\\/ortsgruppen\\\/vida-ortsgruppen-burgenland\\\/\",\"name\":\"vida-Ortsgruppen Burgenland - vida Pensionisten\",\"isPartOf\":{\"@id\":\"https:\\\/\\\/blog.vida.at\\\/pensionisten\\\/#website\"},\"datePublished\":\"2020-10-12T10:05:37+00:00\",\"dateModified\":\"2021-05-25T10:57:23+00:00\",\"breadcrumb\":{\"@id\":\"https:\\\/\\\/blog.vida.at\\\/pensionisten\\\/ortsgruppen\\\/vida-ortsgruppen-burgenland\\\/#breadcrumb\"},\"inLanguage\":\"de\",\"potentialAction\":[{\"@type\":\"ReadAction\",\"target\":[\"https:\\\/\\\/blog.vida.at\\\/pensionisten\\\/ortsgruppen\\\/vida-ortsgruppen-burgenland\\\/\"]}]},{\"@type\":\"BreadcrumbList\",\"@id\":\"https:\\\/\\\/blog.vida.at\\\/pensionisten\\\/ortsgruppen\\\/vida-ortsgruppen-burgenland\\\/#breadcrumb\",\"itemListElement\":[{\"@type\":\"ListItem\",\"position\":1,\"name\":\"Startseite\",\"item\":\"https:\\\/\\\/blog.vida.at\\\/pensionisten\\\/\"},{\"@type\":\"ListItem\",\"position\":2,\"name\":\"Bundesl\u00e4ndergruppen\",\"item\":\"https:\\\/\\\/blog.vida.at\\\/pensionisten\\\/ortsgruppen\\\/\"},{\"@type\":\"ListItem\",\"position\":3,\"name\":\"vida-Ortsgruppen Burgenland\"}]},{\"@type\":\"WebSite\",\"@id\":\"https:\\\/\\\/blog.vida.at\\\/pensionisten\\\/#website\",\"url\":\"https:\\\/\\\/blog.vida.at\\\/pensionisten\\\/\",\"name\":\"vida Pensionisten\",\"description\":\"\",\"potentialAction\":[{\"@type\":\"SearchAction\",\"target\":{\"@type\":\"EntryPoint\",\"urlTemplate\":\"https:\\\/\\\/blog.vida.at\\\/pensionisten\\\/?s={search_term_string}\"},\"query-input\":{\"@type\":\"PropertyValueSpecification\",\"valueRequired\":true,\"valueName\":\"search_term_string\"}}],\"inLanguage\":\"de\"}]}<\/script>\n<!-- \/ Yoast SEO plugin. -->","yoast_head_json":{"title":"vida-Ortsgruppen Burgenland - vida Pensionisten","robots":{"index":"index","follow":"follow","max-snippet":"max-snippet:-1","max-image-preview":"max-image-preview:large","max-video-preview":"max-video-preview:-1"},"canonical":"https:\/\/blog.vida.at\/pensionisten\/ortsgruppen\/vida-ortsgruppen-burgenland\/","og_locale":"de_DE","og_type":"article","og_title":"vida-Ortsgruppen Burgenland - vida Pensionisten","og_description":"Ortsgruppe Burgenland-S\u00fcd &#8211; PensionistInnen Ortsgruppen- und Pensionistenvorsitzender: Kurt Wagner Kontakt: Telefon: 0664\/5251107 Sprechstunde: Nach telefonischer Vereinbarung. Ort: Im Betriebsratsb\u00fcro, W\u00f6rterberg 113, 8293 W\u00f6rterberg Ortsgruppe Eisenstadt &#8211; PensionistInnen Ortsgruppen- und Pensionistenvorsitzender: Josef Kotzenmacher Kontakt: Telefon: 0664\/88460063 E-Mail: kotzenmacher@gmx.at \u200bSprechstunde: Nach telefonischer Vereinbarung Ortsgruppe Mattersburg &#8211; PensionistInnen Ortsgruppen- und Pensionistenvorsitzender: Johann Schandl Kontakt: Telefon: 0664\/6145591\u200bSprechstunde: Nach telefonischer &hellip; \u201evida-Ortsgruppen Burgenland\u201c weiterlesen","og_url":"https:\/\/blog.vida.at\/pensionisten\/ortsgruppen\/vida-ortsgruppen-burgenland\/","og_site_name":"vida Pensionisten","article_modified_time":"2021-05-25T10:57:23+00:00","twitter_card":"summary_large_image","twitter_misc":{"Gesch\u00e4tzte Lesezeit":"1\u00a0Minute"},"schema":{"@context":"https:\/\/schema.org","@graph":[{"@type":"WebPage","@id":"https:\/\/blog.vida.at\/pensionisten\/ortsgruppen\/vida-ortsgruppen-burgenland\/","url":"https:\/\/blog.vida.at\/pensionisten\/ortsgruppen\/vida-ortsgruppen-burgenland\/","name":"vida-Ortsgruppen Burgenland - vida Pensionisten","isPartOf":{"@id":"https:\/\/blog.vida.at\/pensionisten\/#website"},"datePublished":"2020-10-12T10:05:37+00:00","dateModified":"2021-05-25T10:57:23+00:00","breadcrumb":{"@id":"https:\/\/blog.vida.at\/pensionisten\/ortsgruppen\/vida-ortsgruppen-burgenland\/#breadcrumb"},"inLanguage":"de","potentialAction":[{"@type":"ReadAction","target":["https:\/\/blog.vida.at\/pensionisten\/ortsgruppen\/vida-ortsgruppen-burgenland\/"]}]},{"@type":"BreadcrumbList","@id":"https:\/\/blog.vida.at\/pensionisten\/ortsgruppen\/vida-ortsgruppen-burgenland\/#breadcrumb","itemListElement":[{"@type":"ListItem","position":1,"name":"Startseite","item":"https:\/\/blog.vida.at\/pensionisten\/"},{"@type":"ListItem","position":2,"name":"Bundesl\u00e4ndergruppen","item":"https:\/\/blog.vida.at\/pensionisten\/ortsgruppen\/"},{"@type":"ListItem","position":3,"name":"vida-Ortsgruppen Burgenland"}]},{"@type":"WebSite","@id":"https:\/\/blog.vida.at\/pensionisten\/#website","url":"https:\/\/blog.vida.at\/pensionisten\/","name":"vida Pensionisten","description":"","potentialAction":[{"@type":"SearchAction","target":{"@type":"EntryPoint","urlTemplate":"https:\/\/blog.vida.at\/pensionisten\/?s={search_term_string}"},"query-input":{"@type":"PropertyValueSpecification","valueRequired":true,"valueName":"search_term_string"}}],"inLanguage":"de"}]}},"featured_image_src":null,"featured_image_src_square":null,"uagb_featured_image_src":{"full":false,"thumbnail":false,"medium":false,"medium_large":false,"large":false,"1536x1536":false,"2048x2048":false,"ab-block-post-grid-landscape":false,"ab-block-post-grid-square":false,"post-thumbnail":false,"awb_sm":false,"awb_md":false,"awb_lg":false,"awb_xl":false},"uagb_author_info":{"display_name":"michaelafeik","author_link":"https:\/\/blog.vida.at\/pensionisten\/author\/michaelafeik\/"},"uagb_comment_info":0,"uagb_excerpt":"Ortsgruppe Burgenland-S\u00fcd &#8211; PensionistInnen Ortsgruppen- und Pensionistenvorsitzender: Kurt Wagner Kontakt: Telefon: 0664\/5251107 Sprechstunde: Nach telefonischer Vereinbarung. Ort: Im Betriebsratsb\u00fcro, W\u00f6rterberg 113, 8293 W\u00f6rterberg Ortsgruppe Eisenstadt &#8211; PensionistInnen Ortsgruppen- und Pensionistenvorsitzender: Josef Kotzenmacher Kontakt: Telefon: 0664\/88460063 E-Mail: kotzenmacher@gmx.at \u200bSprechstunde: Nach telefonischer Vereinbarung Ortsgruppe Mattersburg &#8211; PensionistInnen Ortsgruppen- und Pensionistenvorsitzender: Johann Schandl Kontakt: Telefon: 0664\/6145591\u200bSprechstunde: Nach telefonischer&hellip;","coauthors":[],"author_meta":{"author_link":"https:\/\/blog.vida.at\/pensionisten\/author\/michaelafeik\/","display_name":"michaelafeik"},"relative_dates":{"created":"Ver\u00f6ffentlicht 6\u00a0Jahren vor","modified":"Aktualisiert 5\u00a0Jahren vor"},"absolute_dates":{"created":"Ver\u00f6ffentlicht am 12. Oktober 2020","modified":"Aktualisiert am 25. Mai 2021"},"absolute_dates_time":{"created":"Ver\u00f6ffentlicht am 12. Oktober 2020 12:05","modified":"Aktualisiert am 25. Mai 2021 12:57"},"featured_img_caption":"","featured_img":false,"series_order":"","_links":{"self":[{"href":"https:\/\/blog.vida.at\/pensionisten\/wp-json\/wp\/v2\/pages\/1098","targetHints":{"allow":["GET"]}}],"collection":[{"href":"https:\/\/blog.vida.at\/pensionisten\/wp-json\/wp\/v2\/pages"}],"about":[{"href":"https:\/\/blog.vida.at\/pensionisten\/wp-json\/wp\/v2\/types\/page"}],"author":[{"embeddable":true,"href":"https:\/\/blog.vida.at\/pensionisten\/wp-json\/wp\/v2\/users\/5"}],"replies":[{"embeddable":true,"href":"https:\/\/blog.vida.at\/pensionisten\/wp-json\/wp\/v2\/comments?post=1098"}],"version-history":[{"count":3,"href":"https:\/\/blog.vida.at\/pensionisten\/wp-json\/wp\/v2\/pages\/1098\/revisions"}],"predecessor-version":[{"id":1103,"href":"https:\/\/blog.vida.at\/pensionisten\/wp-json\/wp\/v2\/pages\/1098\/revisions\/1103"}],"up":[{"embeddable":true,"href":"https:\/\/blog.vida.at\/pensionisten\/wp-json\/wp\/v2\/pages\/2267"}],"wp:attachment":[{"href":"https:\/\/blog.vida.at\/pensionisten\/wp-json\/wp\/v2\/media?parent=1098"}],"curies":[{"name":"wp","href":"https:\/\/api.w.org\/{rel}","templated":true}]}}