
{"id":1173,"date":"2020-10-12T16:34:43","date_gmt":"2020-10-12T14:34:43","guid":{"rendered":"http:\/\/blog.vida.at\/pensionisten\/?page_id=1173"},"modified":"2020-10-15T14:16:06","modified_gmt":"2020-10-15T12:16:06","slug":"oees-eisenbahnersport","status":"publish","type":"page","link":"https:\/\/blog.vida.at\/pensionisten\/oees-eisenbahnersport\/","title":{"rendered":"\u00d6ES Eisenbahnersport"},"content":{"rendered":"\n<div class=\"wp-block-group container\"><div class=\"wp-block-group__inner-container is-layout-flow wp-block-group-is-layout-flow\">\n<h2 class=\"section-title wp-block-heading\">Sport, Spass  und Spiel. Hier ist f\u00fcr alle vida-Mitglieder was dabei.<\/h2>\n\n\n\n<div class=\"wp-block-group container\"><div class=\"wp-block-group__inner-container is-layout-flow wp-block-group-is-layout-flow\"><\/div><\/div>\n\n\n\n<p>Gemeinsam mehr bewegen \u2013 nicht nur f\u00fcr EisenbahnerInnen, sondern f\u00fcr alle vida-Mitglieder. Das ist \u00d6ES! Mit mehr als 90 Vereinen steht der Dachverband der \u00f6sterreichischen Eisenbahnersportvereine, kurz \u00d6ES, Sporthungrigen, aber auch Bewegungsmuffel in ganz \u00d6sterreich mit Rat und Tat zur Seite. Egal ob jung oder \u00e4lter, jede und jeder kann mitmachen. \u00dcbrigens, mit seinen mehr als 50.000 Mitgliedern ist \u00d6ES der gr\u00f6\u00dfte Betriebssportverein \u00d6sterreichs!<\/p>\n\n\n\n<h2 class=\"section-title wp-block-heading\">Von Asphaltstock bis Zumba<\/h2>\n\n\n\n<p>Diplomierte TrainerInnen erm\u00f6glichen es, Gesundheits- und Breitensportarten nachzugehen. Gesundheitscheck inklusive. Aber auch im Wettkampf messen sich \u00d6ES-SportlerInnen. So finden regelm\u00e4\u00dfig Meisterschaften in Fu\u00dfball, Tennis, Radfahren, Schwimmen, Schifahren bis hin zu Schach statt. Und bei \u00d6ES wird auch f\u00fcr einen guten Zweck gesportelt \u2013 zum Beispiel beim Rote-Nasen-Lauf. Und nat\u00fcrlich darf die Erholung nicht zu kurz kommen: Wer \u00d6ES-Mitglied ist, hat exklusiven Zugang zu preisg\u00fcnstigen Ferienh\u00e4usern und -wohnungen.<br>Lust auf mehr Bewegung?<\/p>\n\n\n\n<h2 class=\"section-title wp-block-heading\">Mit uns aktiv!<\/h2>\n\n\n\n<p><strong>Informiere dich \u00fcber das \u00d6ES-Angebot in deiner N\u00e4he auf <a href=\"https:\/\/www.eisenbahnersport.at\/\" target=\"_blank\" rel=\"noreferrer noopener\">www.eisenbahnersport.at <\/a>bzw. nimm Kontakt mit uns auf, schicke ein E-Mail an <a rel=\"noreferrer noopener\" href=\"mailto:oes.dachverband@vida.at\" target=\"_blank\">oes.dachverband@vida.at<\/a>.<\/strong><br><\/p>\n\n\n\n<p class=\"has-dark-gray-color has-text-color has-background\" style=\"background-color:#b4b4b4\"><strong>Seit seiner Gr\u00fcndung im Jahr 1945 ist der Dachverband der \u00f6sterreichischen Eisenbahnsportvereine (\u00d6ES) mit seinen mehr als 50.000 Mitgliedern der gr\u00f6\u00dfte Betriebssportverein \u00d6sterreichs. Der Dachverband \u00d6ES sah sich immer als Vorfeldorganisation der Gewerkschaft der EisenbahnerInnen an und f\u00fchlt sich heute in seiner neuen Rolle als sozialer Dienstleistungspartner von Freizeit- und Sportangeboten f\u00fcr alle Mitglieder in der Gewerkschaft vida sehr wohl. \u00dcber 90 Vereine in ganz \u00d6sterreich bieten Gesundheits-, Breiten- oder Wettkampfsport auf h\u00f6chstem Niveau. Dar\u00fcber hinaus bietet \u00d6ES Zugang zu preisg\u00fcnstigen Ferienh\u00e4usern bzw. Wohnungen in \u00d6sterreich! In seiner langen Geschichte blickt der \u00d6ES auf eine Vielzahl von internationalen sowie nationalen sportlichen Erfolgen zur\u00fcck. Damit unsere erfolgreichen EisenbahnsportlerInnen sich auch mit anderen sportbegeisterten Menschen messen k\u00f6nnen, ist der \u00d6ES Veranstalter von diversen nationalen sowie internationalen Wettk\u00e4mpfen in \u00d6sterreich. Auch auch der Nachwuchs wird gef\u00f6rdert.<\/strong><\/p>\n\n\n\n<p><br><\/p>\n\n\n\n<div class=\"wp-block-ugb-button ugb-button-wrapper ugb-f865c3c ugb-main-block\" id=\"\"><div class=\"ugb-inner-block\"><div class=\"ugb-block-content\"><div class=\"ugb-button-container\"><a class=\"ugb-button1 ugb-button ugb-button--size-normal\" href=\"https:\/\/www.eisenbahnersport.at\/\" target=\"_blank\" rel=\"noopener noreferrer\" title=\"\"><span class=\"ugb-button--inner\">Hier geht&#8217;s zum Eisenbahnersportverein<\/span><\/a><\/div><\/div><\/div><\/div>\n<\/div><\/div>\n<style class=\"advgb-styles-renderer\">.ugb-f865c3c .ugb-block-content{justify-content:flex-start}.ugb-f865c3c .ugb-inner-block{text-align:left}<\/style>","protected":false},"excerpt":{"rendered":"<p>Sport, Spass und Spiel. Hier ist f\u00fcr alle vida-Mitglieder was dabei. Gemeinsam mehr bewegen \u2013 nicht nur f\u00fcr EisenbahnerInnen, sondern f\u00fcr alle vida-Mitglieder. Das ist \u00d6ES! Mit mehr als 90 Vereinen steht der Dachverband der \u00f6sterreichischen Eisenbahnersportvereine, kurz \u00d6ES, Sporthungrigen, aber auch Bewegungsmuffel in ganz \u00d6sterreich mit Rat und Tat zur Seite. Egal ob jung &hellip; <\/p>\n<p class=\"link-more\"><a href=\"https:\/\/blog.vida.at\/pensionisten\/oees-eisenbahnersport\/\" class=\"more-link\"><span class=\"screen-reader-text\">\u201e\u00d6ES Eisenbahnersport\u201c <\/span>weiterlesen<\/a><\/p>\n","protected":false},"author":5,"featured_media":0,"parent":0,"menu_order":0,"comment_status":"closed","ping_status":"open","template":"","meta":{"_uag_custom_page_level_css":"","advgb_blocks_editor_width":"","advgb_blocks_columns_visual_guide":"","footnotes":""},"class_list":["post-1173","page","type-page","status-publish","hentry","entry"],"featured_image_urls":{"full":"","thumbnail":"","medium":"","medium_large":"","large":"","1536x1536":"","2048x2048":"","ab-block-post-grid-landscape":"","ab-block-post-grid-square":"","post-thumbnail":"","awb_sm":"","awb_md":"","awb_lg":"","awb_xl":""},"post_excerpt_stackable":"<p>Sport, Spass und Spiel. Hier ist f\u00fcr alle vida-Mitglieder was dabei. Gemeinsam mehr bewegen \u2013 nicht nur f\u00fcr EisenbahnerInnen, sondern f\u00fcr alle vida-Mitglieder. Das ist \u00d6ES! Mit mehr als 90 Vereinen steht der Dachverband der \u00f6sterreichischen Eisenbahnersportvereine, kurz \u00d6ES, Sporthungrigen, aber auch Bewegungsmuffel in ganz \u00d6sterreich mit Rat und Tat zur Seite. Egal ob jung oder \u00e4lter, jede und jeder kann mitmachen. \u00dcbrigens, mit seinen mehr als 50.000 Mitgliedern ist \u00d6ES der gr\u00f6\u00dfte Betriebssportverein \u00d6sterreichs! Von Asphaltstock bis Zumba Diplomierte TrainerInnen erm\u00f6glichen es, Gesundheits- und Breitensportarten nachzugehen. Gesundheitscheck inklusive. Aber auch im Wettkampf messen sich \u00d6ES-SportlerInnen. So finden regelm\u00e4\u00dfig Meisterschaften&hellip;<\/p>\n","category_list":"","author_info":{"name":"michaelafeik","url":"https:\/\/blog.vida.at\/pensionisten\/author\/michaelafeik\/"},"comments_num":"0 comments","featured_image_urls_v2":{"full":"","thumbnail":"","medium":"","medium_large":"","large":"","1536x1536":"","2048x2048":"","ab-block-post-grid-landscape":"","ab-block-post-grid-square":"","post-thumbnail":"","awb_sm":"","awb_md":"","awb_lg":"","awb_xl":""},"post_excerpt_stackable_v2":"<p>Sport, Spass und Spiel. Hier ist f\u00fcr alle vida-Mitglieder was dabei. Gemeinsam mehr bewegen \u2013 nicht nur f\u00fcr EisenbahnerInnen, sondern f\u00fcr alle vida-Mitglieder. Das ist \u00d6ES! Mit mehr als 90 Vereinen steht der Dachverband der \u00f6sterreichischen Eisenbahnersportvereine, kurz \u00d6ES, Sporthungrigen, aber auch Bewegungsmuffel in ganz \u00d6sterreich mit Rat und Tat zur Seite. Egal ob jung oder \u00e4lter, jede und jeder kann mitmachen. \u00dcbrigens, mit seinen mehr als 50.000 Mitgliedern ist \u00d6ES der gr\u00f6\u00dfte Betriebssportverein \u00d6sterreichs! Von Asphaltstock bis Zumba Diplomierte TrainerInnen erm\u00f6glichen es, Gesundheits- und Breitensportarten nachzugehen. Gesundheitscheck inklusive. Aber auch im Wettkampf messen sich \u00d6ES-SportlerInnen. So finden regelm\u00e4\u00dfig Meisterschaften&hellip;<\/p>\n","category_list_v2":"","author_info_v2":{"name":"michaelafeik","url":"https:\/\/blog.vida.at\/pensionisten\/author\/michaelafeik\/"},"comments_num_v2":"0 comments","yoast_head":"<!-- This site is optimized with the Yoast SEO plugin v27.1.1 - https:\/\/yoast.com\/product\/yoast-seo-wordpress\/ -->\n<title>\u00d6ES Eisenbahnersport - vida Pensionisten<\/title>\n<meta name=\"robots\" content=\"index, follow, max-snippet:-1, max-image-preview:large, max-video-preview:-1\" \/>\n<link rel=\"canonical\" href=\"https:\/\/blog.vida.at\/pensionisten\/oees-eisenbahnersport\/\" \/>\n<meta property=\"og:locale\" content=\"de_DE\" \/>\n<meta property=\"og:type\" content=\"article\" \/>\n<meta property=\"og:title\" content=\"\u00d6ES Eisenbahnersport - vida Pensionisten\" \/>\n<meta property=\"og:description\" content=\"Sport, Spass und Spiel. Hier ist f\u00fcr alle vida-Mitglieder was dabei. Gemeinsam mehr bewegen \u2013 nicht nur f\u00fcr EisenbahnerInnen, sondern f\u00fcr alle vida-Mitglieder. Das ist \u00d6ES! Mit mehr als 90 Vereinen steht der Dachverband der \u00f6sterreichischen Eisenbahnersportvereine, kurz \u00d6ES, Sporthungrigen, aber auch Bewegungsmuffel in ganz \u00d6sterreich mit Rat und Tat zur Seite. Egal ob jung &hellip; \u201e\u00d6ES Eisenbahnersport\u201c weiterlesen\" \/>\n<meta property=\"og:url\" content=\"https:\/\/blog.vida.at\/pensionisten\/oees-eisenbahnersport\/\" \/>\n<meta property=\"og:site_name\" content=\"vida Pensionisten\" \/>\n<meta property=\"article:modified_time\" content=\"2020-10-15T12:16:06+00:00\" \/>\n<meta name=\"twitter:card\" content=\"summary_large_image\" \/>\n<meta name=\"twitter:label1\" content=\"Gesch\u00e4tzte Lesezeit\" \/>\n\t<meta name=\"twitter:data1\" content=\"2\u00a0Minuten\" \/>\n<script type=\"application\/ld+json\" class=\"yoast-schema-graph\">{\"@context\":\"https:\/\/schema.org\",\"@graph\":[{\"@type\":\"WebPage\",\"@id\":\"https:\/\/blog.vida.at\/pensionisten\/oees-eisenbahnersport\/\",\"url\":\"https:\/\/blog.vida.at\/pensionisten\/oees-eisenbahnersport\/\",\"name\":\"\u00d6ES Eisenbahnersport - vida Pensionisten\",\"isPartOf\":{\"@id\":\"https:\/\/blog.vida.at\/pensionisten\/#website\"},\"datePublished\":\"2020-10-12T14:34:43+00:00\",\"dateModified\":\"2020-10-15T12:16:06+00:00\",\"breadcrumb\":{\"@id\":\"https:\/\/blog.vida.at\/pensionisten\/oees-eisenbahnersport\/#breadcrumb\"},\"inLanguage\":\"de\",\"potentialAction\":[{\"@type\":\"ReadAction\",\"target\":[\"https:\/\/blog.vida.at\/pensionisten\/oees-eisenbahnersport\/\"]}]},{\"@type\":\"BreadcrumbList\",\"@id\":\"https:\/\/blog.vida.at\/pensionisten\/oees-eisenbahnersport\/#breadcrumb\",\"itemListElement\":[{\"@type\":\"ListItem\",\"position\":1,\"name\":\"Startseite\",\"item\":\"https:\/\/blog.vida.at\/pensionisten\/\"},{\"@type\":\"ListItem\",\"position\":2,\"name\":\"\u00d6ES Eisenbahnersport\"}]},{\"@type\":\"WebSite\",\"@id\":\"https:\/\/blog.vida.at\/pensionisten\/#website\",\"url\":\"https:\/\/blog.vida.at\/pensionisten\/\",\"name\":\"vida Pensionisten\",\"description\":\"\",\"potentialAction\":[{\"@type\":\"SearchAction\",\"target\":{\"@type\":\"EntryPoint\",\"urlTemplate\":\"https:\/\/blog.vida.at\/pensionisten\/?s={search_term_string}\"},\"query-input\":{\"@type\":\"PropertyValueSpecification\",\"valueRequired\":true,\"valueName\":\"search_term_string\"}}],\"inLanguage\":\"de\"}]}<\/script>\n<!-- \/ Yoast SEO plugin. -->","yoast_head_json":{"title":"\u00d6ES Eisenbahnersport - vida Pensionisten","robots":{"index":"index","follow":"follow","max-snippet":"max-snippet:-1","max-image-preview":"max-image-preview:large","max-video-preview":"max-video-preview:-1"},"canonical":"https:\/\/blog.vida.at\/pensionisten\/oees-eisenbahnersport\/","og_locale":"de_DE","og_type":"article","og_title":"\u00d6ES Eisenbahnersport - vida Pensionisten","og_description":"Sport, Spass und Spiel. Hier ist f\u00fcr alle vida-Mitglieder was dabei. Gemeinsam mehr bewegen \u2013 nicht nur f\u00fcr EisenbahnerInnen, sondern f\u00fcr alle vida-Mitglieder. Das ist \u00d6ES! Mit mehr als 90 Vereinen steht der Dachverband der \u00f6sterreichischen Eisenbahnersportvereine, kurz \u00d6ES, Sporthungrigen, aber auch Bewegungsmuffel in ganz \u00d6sterreich mit Rat und Tat zur Seite. Egal ob jung &hellip; \u201e\u00d6ES Eisenbahnersport\u201c weiterlesen","og_url":"https:\/\/blog.vida.at\/pensionisten\/oees-eisenbahnersport\/","og_site_name":"vida Pensionisten","article_modified_time":"2020-10-15T12:16:06+00:00","twitter_card":"summary_large_image","twitter_misc":{"Gesch\u00e4tzte Lesezeit":"2\u00a0Minuten"},"schema":{"@context":"https:\/\/schema.org","@graph":[{"@type":"WebPage","@id":"https:\/\/blog.vida.at\/pensionisten\/oees-eisenbahnersport\/","url":"https:\/\/blog.vida.at\/pensionisten\/oees-eisenbahnersport\/","name":"\u00d6ES Eisenbahnersport - vida Pensionisten","isPartOf":{"@id":"https:\/\/blog.vida.at\/pensionisten\/#website"},"datePublished":"2020-10-12T14:34:43+00:00","dateModified":"2020-10-15T12:16:06+00:00","breadcrumb":{"@id":"https:\/\/blog.vida.at\/pensionisten\/oees-eisenbahnersport\/#breadcrumb"},"inLanguage":"de","potentialAction":[{"@type":"ReadAction","target":["https:\/\/blog.vida.at\/pensionisten\/oees-eisenbahnersport\/"]}]},{"@type":"BreadcrumbList","@id":"https:\/\/blog.vida.at\/pensionisten\/oees-eisenbahnersport\/#breadcrumb","itemListElement":[{"@type":"ListItem","position":1,"name":"Startseite","item":"https:\/\/blog.vida.at\/pensionisten\/"},{"@type":"ListItem","position":2,"name":"\u00d6ES Eisenbahnersport"}]},{"@type":"WebSite","@id":"https:\/\/blog.vida.at\/pensionisten\/#website","url":"https:\/\/blog.vida.at\/pensionisten\/","name":"vida Pensionisten","description":"","potentialAction":[{"@type":"SearchAction","target":{"@type":"EntryPoint","urlTemplate":"https:\/\/blog.vida.at\/pensionisten\/?s={search_term_string}"},"query-input":{"@type":"PropertyValueSpecification","valueRequired":true,"valueName":"search_term_string"}}],"inLanguage":"de"}]}},"featured_image_src":null,"featured_image_src_square":null,"uagb_featured_image_src":{"full":false,"thumbnail":false,"medium":false,"medium_large":false,"large":false,"1536x1536":false,"2048x2048":false,"ab-block-post-grid-landscape":false,"ab-block-post-grid-square":false,"post-thumbnail":false,"awb_sm":false,"awb_md":false,"awb_lg":false,"awb_xl":false},"uagb_author_info":{"display_name":"michaelafeik","author_link":"https:\/\/blog.vida.at\/pensionisten\/author\/michaelafeik\/"},"uagb_comment_info":0,"uagb_excerpt":"Sport, Spass und Spiel. Hier ist f\u00fcr alle vida-Mitglieder was dabei. Gemeinsam mehr bewegen \u2013 nicht nur f\u00fcr EisenbahnerInnen, sondern f\u00fcr alle vida-Mitglieder. Das ist \u00d6ES! Mit mehr als 90 Vereinen steht der Dachverband der \u00f6sterreichischen Eisenbahnersportvereine, kurz \u00d6ES, Sporthungrigen, aber auch Bewegungsmuffel in ganz \u00d6sterreich mit Rat und Tat zur Seite. Egal ob jung&hellip;","coauthors":[],"author_meta":{"author_link":"https:\/\/blog.vida.at\/pensionisten\/author\/michaelafeik\/","display_name":"michaelafeik"},"relative_dates":{"created":"Posted 5\u00a0Jahren ago","modified":"Updated 5\u00a0Jahren ago"},"absolute_dates":{"created":"Posted on 12. Oktober 2020","modified":"Updated on 15. Oktober 2020"},"absolute_dates_time":{"created":"Posted on 12. Oktober 2020 16:34","modified":"Updated on 15. Oktober 2020 14:16"},"featured_img_caption":"","featured_img":false,"series_order":"","_links":{"self":[{"href":"https:\/\/blog.vida.at\/pensionisten\/wp-json\/wp\/v2\/pages\/1173","targetHints":{"allow":["GET"]}}],"collection":[{"href":"https:\/\/blog.vida.at\/pensionisten\/wp-json\/wp\/v2\/pages"}],"about":[{"href":"https:\/\/blog.vida.at\/pensionisten\/wp-json\/wp\/v2\/types\/page"}],"author":[{"embeddable":true,"href":"https:\/\/blog.vida.at\/pensionisten\/wp-json\/wp\/v2\/users\/5"}],"replies":[{"embeddable":true,"href":"https:\/\/blog.vida.at\/pensionisten\/wp-json\/wp\/v2\/comments?post=1173"}],"version-history":[{"count":18,"href":"https:\/\/blog.vida.at\/pensionisten\/wp-json\/wp\/v2\/pages\/1173\/revisions"}],"predecessor-version":[{"id":1420,"href":"https:\/\/blog.vida.at\/pensionisten\/wp-json\/wp\/v2\/pages\/1173\/revisions\/1420"}],"wp:attachment":[{"href":"https:\/\/blog.vida.at\/pensionisten\/wp-json\/wp\/v2\/media?parent=1173"}],"curies":[{"name":"wp","href":"https:\/\/api.w.org\/{rel}","templated":true}]}}