
{"id":1236,"date":"2020-10-13T15:47:29","date_gmt":"2020-10-13T13:47:29","guid":{"rendered":"http:\/\/blog.vida.at\/pensionisten\/?page_id=1236"},"modified":"2020-12-11T11:28:49","modified_gmt":"2020-12-11T10:28:49","slug":"vida-hilft","status":"publish","type":"page","link":"https:\/\/blog.vida.at\/pensionisten\/vida-hilft\/","title":{"rendered":"vida hilft"},"content":{"rendered":"\n<div class=\"wp-block-group container\"><div class=\"wp-block-group__inner-container is-layout-flow wp-block-group-is-layout-flow\">\n<h1 class=\"wp-block-heading\"><\/h1>\n\n\n\n<div class=\"wp-block-ugb-accordion ugb-accordion ugb-b09f86b ugb-accordion--v2 ugb-accordion--design-basic ugb-main-block\" aria-expanded=\"false\"><div class=\"ugb-inner-block\"><div class=\"ugb-block-content\"><div class=\"ugb-accordion__item\"><div class=\"ugb-accordion__heading\" role=\"button\" tabindex=\"0\"><h4 class=\"ugb-accordion__title\" role=\"heading\" aria-level=\"3\">Ausserordentliche Unterst\u00fctzung<\/h4><svg viewbox=\"0 0 20 20\" xmlns=\"http:\/\/www.w3.org\/2000\/svg\" class=\"ugb-accordion__arrow\" width=\"20\" height=\"20\"><path d=\"M16.7 3.3L10 10 3.3 3.4 0 6.7l10 10v-.1l10-9.9z\"><\/path><\/svg><\/div><div class=\"ugb-accordion__content\" role=\"region\"><div class=\"ugb-accordion__content-inner\">\n<p>Bei unverschuldeter Notlage kann vom Unterst\u00fctzungsausschuss eine au\u00dferordentliche Unterst\u00fctzung, bei schwerer Krankheit, Unfall, aufgrund einer Behinderung und Invalidit\u00e4t, bewilligt werden.<\/p>\n\n\n\n<p>Keine au\u00dferordentliche Unterst\u00fctzung wird bei\/f\u00fcr Entfall der Nebengeb\u00fchren, Grundkauf, Hausbau, Wohnungsumbau und Kredite (Ausnahme bei Behinderung und Invalidit\u00e4t) gew\u00e4hrt.<\/p>\n\n\n\n<p>Das Ausma\u00df der Unterst\u00fctzungen ist in jedem einzelnen Fall bei Vorliegen der Voraussetzungen unter Ber\u00fccksichtigung der Familien-, Einkommensverh\u00e4ltnisse sowie der allgemeinen finanziellen Situation des zu Unterst\u00fctzenden festzusetzen.<\/p>\n\n\n\n<p>Unterlagen zum Ansuchen:<\/p>\n\n\n\n<ul class=\"wp-block-list\"><li>Einkommensnachweis<\/li><li>Familienbeihilfe<\/li><li>Alimente<\/li><li>Invalidit\u00e4tspension<\/li><li>Pflegegeld<\/li><li>Mietzinsbeihilfe<\/li><li>sonstiges Einkommen (von Vermietung, Pacht)<\/li><li>Refundierungen der Krankenkasse<\/li><li>erhaltene Unterst\u00fctzungen und Verg\u00fctungen sowie Rechnungen \u00fcber die Begr\u00fcndung der Notlage<\/li><\/ul>\n\n\n\n<h5 class=\"wp-block-heading\"><\/h5>\n\n\n\n<div class=\"wp-block-columns is-layout-flex wp-container-core-columns-is-layout-9d6595d7 wp-block-columns-is-layout-flex\">\n<div class=\"wp-block-column is-layout-flow wp-block-column-is-layout-flow\">\n<p><strong>Nimm Kontakt mit uns auf:<\/strong><br><a href=\"https:\/\/blog.vida.at\/pensionisten\/kontakt-2\/\" target=\"_blank\" rel=\"noreferrer noopener\">Deine vida-PensionistInnen<\/a><\/p>\n<\/div>\n\n\n\n<div class=\"wp-block-column is-layout-flow wp-block-column-is-layout-flow\">\n<div class=\"wp-block-ugb-button ugb-button-wrapper ugb-5c08137 ugb-main-block\"><div class=\"ugb-inner-block\"><div class=\"ugb-block-content\"><div class=\"ugb-button-container\"><a class=\"ugb-button1 ugb-button ugb-button--size-normal\" href=\"https:\/\/blog.vida.at\/pensionisten\/wp-content\/uploads\/sites\/10\/2020\/10\/Formular_Ansuchen_ausserordentliche_vida-Unterstuetzung__online_ausfuellbar_.pdf\" target=\"_blank\" rel=\"noopener noreferrer\" title=\"\"><span class=\"ugb-button--inner\">Hier geht&#8217;s zum Online-Formular<\/span><\/a><\/div><\/div><\/div><\/div>\n<\/div>\n<\/div>\n\n\n\n<p><\/p>\n\n\n\n<p><\/p>\n<\/div><\/div><\/div><\/div><\/div><\/div>\n\n\n\n<div class=\"wp-block-ugb-accordion ugb-accordion ugb-445ec46 ugb-accordion--v2 ugb-accordion--design-basic ugb-main-block\" aria-expanded=\"false\"><div class=\"ugb-inner-block\"><div class=\"ugb-block-content\"><div class=\"ugb-accordion__item\"><div class=\"ugb-accordion__heading\" role=\"button\" tabindex=\"0\"><h4 class=\"ugb-accordion__title\" role=\"heading\" aria-level=\"3\">Spitaltagegeld bei Unfall<\/h4><svg viewbox=\"0 0 20 20\" xmlns=\"http:\/\/www.w3.org\/2000\/svg\" class=\"ugb-accordion__arrow\" width=\"20\" height=\"20\"><path d=\"M16.7 3.3L10 10 3.3 3.4 0 6.7l10 10v-.1l10-9.9z\"><\/path><\/svg><\/div><div class=\"ugb-accordion__content\" role=\"region\"><div class=\"ugb-accordion__content-inner\">\n<p>Im Falle eines unfallbedingten Spitalsaufenthaltes (sowohl Freizeit- als auch Berufsunfall) erh\u00e4lst du als aktives Mitglied und PensionistIn 4,- Euro ab dem ersten Tag, sofern der Aufenthalt mindestens 4 Tage dauert. Das Maximum betr\u00e4gt 308,- Euro (= 77 Tage).<\/p>\n<\/div><\/div><\/div><\/div><\/div><\/div>\n\n\n\n<div class=\"wp-block-ugb-accordion ugb-accordion ugb-671ef13 ugb-accordion--v2 ugb-accordion--design-basic ugb-main-block\" aria-expanded=\"false\"><div class=\"ugb-inner-block\"><div class=\"ugb-block-content\"><div class=\"ugb-accordion__item\"><div class=\"ugb-accordion__heading\" role=\"button\" tabindex=\"0\"><h4 class=\"ugb-accordion__title\" role=\"heading\" aria-level=\"3\">Ablebens-Risikoversicherung<\/h4><svg viewbox=\"0 0 20 20\" xmlns=\"http:\/\/www.w3.org\/2000\/svg\" class=\"ugb-accordion__arrow\" width=\"20\" height=\"20\"><path d=\"M16.7 3.3L10 10 3.3 3.4 0 6.7l10 10v-.1l10-9.9z\"><\/path><\/svg><\/div><div class=\"ugb-accordion__content\" role=\"region\"><div class=\"ugb-accordion__content-inner\">\n<p><br>Die Versicherung gilt in der vida nur f\u00fcr PensionistInnen der vormaligen Gewerkschaft der Eisenbahner (GdE). Nach dem durch einen Unfall verursachten Tod eines sich am 1.1.2000 im Ruhestand befindlichen Mitgliedes (der vormaligen Gewerkschaft der Eisenbahner) werden folgende Versicherungsleistungen je nach Mitgliedschaftsdauer erbracht:<\/p>\n\n\n\n<ul class=\"wp-block-list\"><li><strong>Mindestens 3 bis 10 Jahre: 875,- Euro<\/strong><\/li><li><strong>\u00dcber 10 bis 25 Jahre: 1.310,- Euro<\/strong><\/li><li><strong>\u00dcber 25 Jahren: 1.745,- Euro<\/strong><\/li><\/ul>\n\n\n\n<p><em>Anspruchsberechtigt sind Personen, die mindestens drei Jahre Gewerkschaftsmitglied gewesen sind. Jugendliche Mitglieder, die infolge ihres Alters nicht drei Jahre Mitgliedschaft nachweisen k\u00f6nnen, werden als f\u00fcr volle drei Jahre zugeh\u00f6rig behandelt.<\/em><\/p>\n\n\n\n<p><a href=\"https:\/\/blog.vida.at\/pensionisten\/kontakt-2\/\">Nimm Kontakt mit uns auf<\/a><\/p>\n\n\n\n<p><\/p>\n<\/div><\/div><\/div><\/div><\/div><\/div>\n\n\n\n<div class=\"wp-block-ugb-accordion ugb-accordion ugb-9132af5 ugb-accordion--v2 ugb-accordion--design-basic ugb-main-block\" aria-expanded=\"false\"><div class=\"ugb-inner-block\"><div class=\"ugb-block-content\"><div class=\"ugb-accordion__item\"><div class=\"ugb-accordion__heading\" role=\"button\" tabindex=\"0\"><h4 class=\"ugb-accordion__title\" role=\"heading\" aria-level=\"3\">Dein vida-Ratgeber im Trauerfall<\/h4><svg viewbox=\"0 0 20 20\" xmlns=\"http:\/\/www.w3.org\/2000\/svg\" class=\"ugb-accordion__arrow\" width=\"20\" height=\"20\"><path d=\"M16.7 3.3L10 10 3.3 3.4 0 6.7l10 10v-.1l10-9.9z\"><\/path><\/svg><\/div><div class=\"ugb-accordion__content\" role=\"region\"><div class=\"ugb-accordion__content-inner\">\n<p>Der Tod geh\u00f6rt untrennbar zum Leben, dennoch spricht man nicht gerne dar\u00fcber. Wenn es aber einmal so weit ist, stehen Hinterbliebene vor der schwierigen Aufgabe, die Verlassenschaft zu regeln und rasch die richtigen Ma\u00dfnahmen zu treffen, damit f\u00fcr sie das Leben in halbwegs geordneten Bahnen weitergehen kann.<\/p>\n\n\n\n<div class=\"wp-block-buttons aligncenter is-layout-flex wp-block-buttons-is-layout-flex\">\n<div class=\"wp-block-button\"><a class=\"wp-block-button__link has-light-gray-background-color has-background\" href=\"https:\/\/blog.vida.at\/pensionisten\/wp-content\/uploads\/sites\/10\/2020\/10\/vida_PensionistInnen_Todesfall-Vorsorge-Ratgeber-Leitfaden-webDS_130520.pdf\" target=\"_blank\" rel=\"noreferrer noopener\">vida-Trauer-Ratgeber  als Download<\/a><\/div>\n<\/div>\n\n\n\n<div class=\"wp-block-image is-style-default\"><figure class=\"aligncenter size-large is-resized\"><a href=\"Der Tod geh\u00f6rt untrennbar zum Leben, dennoch spricht man nicht gerne dar\u00fcber. Wenn es aber einmal so weit ist, stehen Hinterbliebene vor der schwierigen Aufgabe, die Verlassenschaft zu regeln und rasch die richtigen Ma\u00dfnahmen zu treffen, damit f\u00fcr sie das Leben in halbwegs geordneten Bahnen weitergehen kann.\"><img loading=\"lazy\" decoding=\"async\" src=\"https:\/\/blog.vida.at\/pensionisten\/wp-content\/uploads\/sites\/10\/2020\/10\/Trauerbroschuere.jpg\" alt=\"\" class=\"wp-image-893\" width=\"476\" height=\"676\" srcset=\"https:\/\/blog.vida.at\/pensionisten\/wp-content\/uploads\/sites\/10\/2020\/10\/Trauerbroschuere.jpg 476w, https:\/\/blog.vida.at\/pensionisten\/wp-content\/uploads\/sites\/10\/2020\/10\/Trauerbroschuere-211x300.jpg 211w\" sizes=\"auto, (max-width: 476px) 100vw, 476px\" \/><\/a><\/figure><\/div>\n\n\n\n<p><a href=\"https:\/\/blog.vida.at\/pensionisten\/kontakt-2\/\">Nimm Kontakt mit uns auf<\/a><\/p>\n<\/div><\/div><\/div><\/div><\/div><\/div>\n\n\n\n<div class=\"wp-block-ugb-accordion ugb-accordion ugb-b2f2218 ugb-accordion--v2 ugb-accordion--design-basic ugb-main-block\" aria-expanded=\"false\"><div class=\"ugb-inner-block\"><div class=\"ugb-block-content\"><div class=\"ugb-accordion__item\"><div class=\"ugb-accordion__heading\" role=\"button\" tabindex=\"0\"><h4 class=\"ugb-accordion__title\" role=\"heading\" aria-level=\"3\">Begr\u00e4bniskostenbeitrags-Versicherung<\/h4><svg viewbox=\"0 0 20 20\" xmlns=\"http:\/\/www.w3.org\/2000\/svg\" class=\"ugb-accordion__arrow\" width=\"20\" height=\"20\"><path d=\"M16.7 3.3L10 10 3.3 3.4 0 6.7l10 10v-.1l10-9.9z\"><\/path><\/svg><\/div><div class=\"ugb-accordion__content\" role=\"region\"><div class=\"ugb-accordion__content-inner\">\n<p>Bei Ableben eines aktiven Mitglieds und bei Mitgliedern, die nach 1971 in Ruhestand getreten sind, geb\u00fchrt ein Begr\u00e4bniskostenbeitrag je nach Mitgliedschaftsdauer in H\u00f6he von:<\/p>\n\n\n\n<ul class=\"wp-block-list\"><li><strong>Mindestens 3 bis 10 Jahre: 150,- Euro<\/strong><\/li><li><strong>\u00dcber 10 bis 20 Jahre: 160,- Euro<\/strong><\/li><li><strong>\u00dcber 20 bis 30 Jahre: 170,- Euro<\/strong><\/li><li><strong>Mehr als 30 Jahre: 180,- Euro<\/strong><\/li><\/ul>\n\n\n\n<p>Mitglieder, die bereits vor dem 1.1. 1972 im Ruhestand waren, sind mit 102,- Euro versichert. Diese Bestimmung gilt nicht f\u00fcr die Mitglieder der vormaligen Gewerkschaft der EisenbahnerInnen (GdE).<\/p>\n\n\n\n<div class=\"wp-block-ugb-button ugb-button-wrapper ugb-316f7cb ugb-main-block\"><div class=\"ugb-inner-block\"><div class=\"ugb-block-content\"><div class=\"ugb-button-container\"><a class=\"ugb-button1 ugb-button ugb-button--size-normal\" href=\"https:\/\/blog.vida.at\/pensionisten\/wp-content\/uploads\/sites\/10\/2020\/12\/Ansuchen_Soli_Sterbe_Formular202011_WEB_mitBegleitbrief.pdf\" target=\"_blank\" rel=\"noopener noreferrer\" title=\"\"><span class=\"ugb-button--inner\">Formular Sterbefallsanzeige<\/span><\/a><\/div><\/div><\/div><\/div>\n\n\n\n<p><a href=\"https:\/\/blog.vida.at\/pensionisten\/kontakt-2\/\">Nimm Kontakt mit uns auf<\/a><\/p>\n<\/div><\/div><\/div><\/div><\/div><\/div>\n<\/div><\/div>\n\n\n\n<p><\/p>\n","protected":false},"excerpt":{"rendered":"<p>Bei unverschuldeter Notlage kann vom Unterst\u00fctzungsausschuss eine au\u00dferordentliche Unterst\u00fctzung, bei schwerer Krankheit, Unfall, aufgrund einer Behinderung und Invalidit\u00e4t, bewilligt werden. Keine au\u00dferordentliche Unterst\u00fctzung wird bei\/f\u00fcr Entfall der Nebengeb\u00fchren, Grundkauf, Hausbau, Wohnungsumbau und Kredite (Ausnahme bei Behinderung und Invalidit\u00e4t) gew\u00e4hrt. Das Ausma\u00df der Unterst\u00fctzungen ist in jedem einzelnen Fall bei Vorliegen der Voraussetzungen unter Ber\u00fccksichtigung der &hellip; <\/p>\n<p class=\"link-more\"><a href=\"https:\/\/blog.vida.at\/pensionisten\/vida-hilft\/\" class=\"more-link\"><span class=\"screen-reader-text\">\u201evida hilft\u201c <\/span>weiterlesen<\/a><\/p>\n","protected":false},"author":5,"featured_media":0,"parent":0,"menu_order":0,"comment_status":"closed","ping_status":"open","template":"","meta":{"_uag_custom_page_level_css":"","advgb_blocks_editor_width":"","advgb_blocks_columns_visual_guide":"","footnotes":""},"class_list":["post-1236","page","type-page","status-publish","hentry","entry"],"featured_image_urls":{"full":"","thumbnail":"","medium":"","medium_large":"","large":"","1536x1536":"","2048x2048":"","ab-block-post-grid-landscape":"","ab-block-post-grid-square":"","post-thumbnail":"","awb_sm":"","awb_md":"","awb_lg":"","awb_xl":""},"post_excerpt_stackable":"<p>Ausserordentliche Unterst\u00fctzung Bei unverschuldeter Notlage kann vom Unterst\u00fctzungsausschuss eine au\u00dferordentliche Unterst\u00fctzung, bei schwerer Krankheit, Unfall, aufgrund einer Behinderung und Invalidit\u00e4t, bewilligt werden. Keine au\u00dferordentliche Unterst\u00fctzung wird bei\/f\u00fcr Entfall der Nebengeb\u00fchren, Grundkauf, Hausbau, Wohnungsumbau und Kredite (Ausnahme bei Behinderung und Invalidit\u00e4t) gew\u00e4hrt. Das Ausma\u00df der Unterst\u00fctzungen ist in jedem einzelnen Fall bei Vorliegen der Voraussetzungen unter Ber\u00fccksichtigung der Familien-, Einkommensverh\u00e4ltnisse sowie der allgemeinen finanziellen Situation des zu Unterst\u00fctzenden festzusetzen. Unterlagen zum Ansuchen: EinkommensnachweisFamilienbeihilfeAlimenteInvalidit\u00e4tspensionPflegegeldMietzinsbeihilfesonstiges Einkommen (von Vermietung, Pacht)Refundierungen der Krankenkasseerhaltene Unterst\u00fctzungen und Verg\u00fctungen sowie Rechnungen \u00fcber die Begr\u00fcndung der Notlage Nimm Kontakt mit uns auf:Deine vida-PensionistInnen Hier geht&#8217;s zum Online-Formular Spitaltagegeld bei&hellip;<\/p>\n","category_list":"","author_info":{"name":"michaelafeik","url":"https:\/\/blog.vida.at\/pensionisten\/author\/michaelafeik\/"},"comments_num":"0 comments","featured_image_urls_v2":{"full":"","thumbnail":"","medium":"","medium_large":"","large":"","1536x1536":"","2048x2048":"","ab-block-post-grid-landscape":"","ab-block-post-grid-square":"","post-thumbnail":"","awb_sm":"","awb_md":"","awb_lg":"","awb_xl":""},"post_excerpt_stackable_v2":"<p>Ausserordentliche Unterst\u00fctzung Bei unverschuldeter Notlage kann vom Unterst\u00fctzungsausschuss eine au\u00dferordentliche Unterst\u00fctzung, bei schwerer Krankheit, Unfall, aufgrund einer Behinderung und Invalidit\u00e4t, bewilligt werden. Keine au\u00dferordentliche Unterst\u00fctzung wird bei\/f\u00fcr Entfall der Nebengeb\u00fchren, Grundkauf, Hausbau, Wohnungsumbau und Kredite (Ausnahme bei Behinderung und Invalidit\u00e4t) gew\u00e4hrt. Das Ausma\u00df der Unterst\u00fctzungen ist in jedem einzelnen Fall bei Vorliegen der Voraussetzungen unter Ber\u00fccksichtigung der Familien-, Einkommensverh\u00e4ltnisse sowie der allgemeinen finanziellen Situation des zu Unterst\u00fctzenden festzusetzen. Unterlagen zum Ansuchen: EinkommensnachweisFamilienbeihilfeAlimenteInvalidit\u00e4tspensionPflegegeldMietzinsbeihilfesonstiges Einkommen (von Vermietung, Pacht)Refundierungen der Krankenkasseerhaltene Unterst\u00fctzungen und Verg\u00fctungen sowie Rechnungen \u00fcber die Begr\u00fcndung der Notlage Nimm Kontakt mit uns auf:Deine vida-PensionistInnen Hier geht&#8217;s zum Online-Formular Spitaltagegeld bei&hellip;<\/p>\n","category_list_v2":"","author_info_v2":{"name":"michaelafeik","url":"https:\/\/blog.vida.at\/pensionisten\/author\/michaelafeik\/"},"comments_num_v2":"0 comments","yoast_head":"<!-- This site is optimized with the Yoast SEO plugin v27.3 - https:\/\/yoast.com\/product\/yoast-seo-wordpress\/ -->\n<title>vida hilft - vida Pensionisten<\/title>\n<meta name=\"robots\" content=\"index, follow, max-snippet:-1, max-image-preview:large, max-video-preview:-1\" \/>\n<link rel=\"canonical\" href=\"https:\/\/blog.vida.at\/pensionisten\/vida-hilft\/\" \/>\n<meta property=\"og:locale\" content=\"de_DE\" \/>\n<meta property=\"og:type\" content=\"article\" \/>\n<meta property=\"og:title\" content=\"vida hilft - vida Pensionisten\" \/>\n<meta property=\"og:description\" content=\"Bei unverschuldeter Notlage kann vom Unterst\u00fctzungsausschuss eine au\u00dferordentliche Unterst\u00fctzung, bei schwerer Krankheit, Unfall, aufgrund einer Behinderung und Invalidit\u00e4t, bewilligt werden. Keine au\u00dferordentliche Unterst\u00fctzung wird bei\/f\u00fcr Entfall der Nebengeb\u00fchren, Grundkauf, Hausbau, Wohnungsumbau und Kredite (Ausnahme bei Behinderung und Invalidit\u00e4t) gew\u00e4hrt. Das Ausma\u00df der Unterst\u00fctzungen ist in jedem einzelnen Fall bei Vorliegen der Voraussetzungen unter Ber\u00fccksichtigung der &hellip; \u201evida hilft\u201c weiterlesen\" \/>\n<meta property=\"og:url\" content=\"https:\/\/blog.vida.at\/pensionisten\/vida-hilft\/\" \/>\n<meta property=\"og:site_name\" content=\"vida Pensionisten\" \/>\n<meta property=\"article:modified_time\" content=\"2020-12-11T10:28:49+00:00\" \/>\n<meta property=\"og:image\" content=\"https:\/\/blog.vida.at\/pensionisten\/wp-content\/uploads\/sites\/10\/2020\/10\/Trauerbroschuere.jpg\" \/>\n<meta name=\"twitter:card\" content=\"summary_large_image\" \/>\n<meta name=\"twitter:label1\" content=\"Gesch\u00e4tzte Lesezeit\" \/>\n\t<meta name=\"twitter:data1\" content=\"2\u00a0Minuten\" \/>\n<script type=\"application\/ld+json\" class=\"yoast-schema-graph\">{\"@context\":\"https:\\\/\\\/schema.org\",\"@graph\":[{\"@type\":\"WebPage\",\"@id\":\"https:\\\/\\\/blog.vida.at\\\/pensionisten\\\/vida-hilft\\\/\",\"url\":\"https:\\\/\\\/blog.vida.at\\\/pensionisten\\\/vida-hilft\\\/\",\"name\":\"vida hilft - vida Pensionisten\",\"isPartOf\":{\"@id\":\"https:\\\/\\\/blog.vida.at\\\/pensionisten\\\/#website\"},\"primaryImageOfPage\":{\"@id\":\"https:\\\/\\\/blog.vida.at\\\/pensionisten\\\/vida-hilft\\\/#primaryimage\"},\"image\":{\"@id\":\"https:\\\/\\\/blog.vida.at\\\/pensionisten\\\/vida-hilft\\\/#primaryimage\"},\"thumbnailUrl\":\"https:\\\/\\\/blog.vida.at\\\/pensionisten\\\/wp-content\\\/uploads\\\/sites\\\/10\\\/2020\\\/10\\\/Trauerbroschuere.jpg\",\"datePublished\":\"2020-10-13T13:47:29+00:00\",\"dateModified\":\"2020-12-11T10:28:49+00:00\",\"breadcrumb\":{\"@id\":\"https:\\\/\\\/blog.vida.at\\\/pensionisten\\\/vida-hilft\\\/#breadcrumb\"},\"inLanguage\":\"de\",\"potentialAction\":[{\"@type\":\"ReadAction\",\"target\":[\"https:\\\/\\\/blog.vida.at\\\/pensionisten\\\/vida-hilft\\\/\"]}]},{\"@type\":\"ImageObject\",\"inLanguage\":\"de\",\"@id\":\"https:\\\/\\\/blog.vida.at\\\/pensionisten\\\/vida-hilft\\\/#primaryimage\",\"url\":\"https:\\\/\\\/blog.vida.at\\\/pensionisten\\\/wp-content\\\/uploads\\\/sites\\\/10\\\/2020\\\/10\\\/Trauerbroschuere.jpg\",\"contentUrl\":\"https:\\\/\\\/blog.vida.at\\\/pensionisten\\\/wp-content\\\/uploads\\\/sites\\\/10\\\/2020\\\/10\\\/Trauerbroschuere.jpg\",\"width\":476,\"height\":676},{\"@type\":\"BreadcrumbList\",\"@id\":\"https:\\\/\\\/blog.vida.at\\\/pensionisten\\\/vida-hilft\\\/#breadcrumb\",\"itemListElement\":[{\"@type\":\"ListItem\",\"position\":1,\"name\":\"Startseite\",\"item\":\"https:\\\/\\\/blog.vida.at\\\/pensionisten\\\/\"},{\"@type\":\"ListItem\",\"position\":2,\"name\":\"vida hilft\"}]},{\"@type\":\"WebSite\",\"@id\":\"https:\\\/\\\/blog.vida.at\\\/pensionisten\\\/#website\",\"url\":\"https:\\\/\\\/blog.vida.at\\\/pensionisten\\\/\",\"name\":\"vida Pensionisten\",\"description\":\"\",\"potentialAction\":[{\"@type\":\"SearchAction\",\"target\":{\"@type\":\"EntryPoint\",\"urlTemplate\":\"https:\\\/\\\/blog.vida.at\\\/pensionisten\\\/?s={search_term_string}\"},\"query-input\":{\"@type\":\"PropertyValueSpecification\",\"valueRequired\":true,\"valueName\":\"search_term_string\"}}],\"inLanguage\":\"de\"}]}<\/script>\n<!-- \/ Yoast SEO plugin. -->","yoast_head_json":{"title":"vida hilft - vida Pensionisten","robots":{"index":"index","follow":"follow","max-snippet":"max-snippet:-1","max-image-preview":"max-image-preview:large","max-video-preview":"max-video-preview:-1"},"canonical":"https:\/\/blog.vida.at\/pensionisten\/vida-hilft\/","og_locale":"de_DE","og_type":"article","og_title":"vida hilft - vida Pensionisten","og_description":"Bei unverschuldeter Notlage kann vom Unterst\u00fctzungsausschuss eine au\u00dferordentliche Unterst\u00fctzung, bei schwerer Krankheit, Unfall, aufgrund einer Behinderung und Invalidit\u00e4t, bewilligt werden. Keine au\u00dferordentliche Unterst\u00fctzung wird bei\/f\u00fcr Entfall der Nebengeb\u00fchren, Grundkauf, Hausbau, Wohnungsumbau und Kredite (Ausnahme bei Behinderung und Invalidit\u00e4t) gew\u00e4hrt. Das Ausma\u00df der Unterst\u00fctzungen ist in jedem einzelnen Fall bei Vorliegen der Voraussetzungen unter Ber\u00fccksichtigung der &hellip; \u201evida hilft\u201c weiterlesen","og_url":"https:\/\/blog.vida.at\/pensionisten\/vida-hilft\/","og_site_name":"vida Pensionisten","article_modified_time":"2020-12-11T10:28:49+00:00","og_image":[{"url":"https:\/\/blog.vida.at\/pensionisten\/wp-content\/uploads\/sites\/10\/2020\/10\/Trauerbroschuere.jpg","type":"","width":"","height":""}],"twitter_card":"summary_large_image","twitter_misc":{"Gesch\u00e4tzte Lesezeit":"2\u00a0Minuten"},"schema":{"@context":"https:\/\/schema.org","@graph":[{"@type":"WebPage","@id":"https:\/\/blog.vida.at\/pensionisten\/vida-hilft\/","url":"https:\/\/blog.vida.at\/pensionisten\/vida-hilft\/","name":"vida hilft - vida Pensionisten","isPartOf":{"@id":"https:\/\/blog.vida.at\/pensionisten\/#website"},"primaryImageOfPage":{"@id":"https:\/\/blog.vida.at\/pensionisten\/vida-hilft\/#primaryimage"},"image":{"@id":"https:\/\/blog.vida.at\/pensionisten\/vida-hilft\/#primaryimage"},"thumbnailUrl":"https:\/\/blog.vida.at\/pensionisten\/wp-content\/uploads\/sites\/10\/2020\/10\/Trauerbroschuere.jpg","datePublished":"2020-10-13T13:47:29+00:00","dateModified":"2020-12-11T10:28:49+00:00","breadcrumb":{"@id":"https:\/\/blog.vida.at\/pensionisten\/vida-hilft\/#breadcrumb"},"inLanguage":"de","potentialAction":[{"@type":"ReadAction","target":["https:\/\/blog.vida.at\/pensionisten\/vida-hilft\/"]}]},{"@type":"ImageObject","inLanguage":"de","@id":"https:\/\/blog.vida.at\/pensionisten\/vida-hilft\/#primaryimage","url":"https:\/\/blog.vida.at\/pensionisten\/wp-content\/uploads\/sites\/10\/2020\/10\/Trauerbroschuere.jpg","contentUrl":"https:\/\/blog.vida.at\/pensionisten\/wp-content\/uploads\/sites\/10\/2020\/10\/Trauerbroschuere.jpg","width":476,"height":676},{"@type":"BreadcrumbList","@id":"https:\/\/blog.vida.at\/pensionisten\/vida-hilft\/#breadcrumb","itemListElement":[{"@type":"ListItem","position":1,"name":"Startseite","item":"https:\/\/blog.vida.at\/pensionisten\/"},{"@type":"ListItem","position":2,"name":"vida hilft"}]},{"@type":"WebSite","@id":"https:\/\/blog.vida.at\/pensionisten\/#website","url":"https:\/\/blog.vida.at\/pensionisten\/","name":"vida Pensionisten","description":"","potentialAction":[{"@type":"SearchAction","target":{"@type":"EntryPoint","urlTemplate":"https:\/\/blog.vida.at\/pensionisten\/?s={search_term_string}"},"query-input":{"@type":"PropertyValueSpecification","valueRequired":true,"valueName":"search_term_string"}}],"inLanguage":"de"}]}},"featured_image_src":null,"featured_image_src_square":null,"uagb_featured_image_src":{"full":false,"thumbnail":false,"medium":false,"medium_large":false,"large":false,"1536x1536":false,"2048x2048":false,"ab-block-post-grid-landscape":false,"ab-block-post-grid-square":false,"post-thumbnail":false,"awb_sm":false,"awb_md":false,"awb_lg":false,"awb_xl":false},"uagb_author_info":{"display_name":"michaelafeik","author_link":"https:\/\/blog.vida.at\/pensionisten\/author\/michaelafeik\/"},"uagb_comment_info":0,"uagb_excerpt":"Bei unverschuldeter Notlage kann vom Unterst\u00fctzungsausschuss eine au\u00dferordentliche Unterst\u00fctzung, bei schwerer Krankheit, Unfall, aufgrund einer Behinderung und Invalidit\u00e4t, bewilligt werden. Keine au\u00dferordentliche Unterst\u00fctzung wird bei\/f\u00fcr Entfall der Nebengeb\u00fchren, Grundkauf, Hausbau, Wohnungsumbau und Kredite (Ausnahme bei Behinderung und Invalidit\u00e4t) gew\u00e4hrt. Das Ausma\u00df der Unterst\u00fctzungen ist in jedem einzelnen Fall bei Vorliegen der Voraussetzungen unter Ber\u00fccksichtigung der&hellip;","coauthors":[],"author_meta":{"author_link":"https:\/\/blog.vida.at\/pensionisten\/author\/michaelafeik\/","display_name":"michaelafeik"},"relative_dates":{"created":"Ver\u00f6ffentlicht 6\u00a0Jahren vor","modified":"Aktualisiert 5\u00a0Jahren vor"},"absolute_dates":{"created":"Ver\u00f6ffentlicht am 13. Oktober 2020","modified":"Aktualisiert am 11. Dezember 2020"},"absolute_dates_time":{"created":"Ver\u00f6ffentlicht am 13. Oktober 2020 15:47","modified":"Aktualisiert am 11. Dezember 2020 11:28"},"featured_img_caption":"","featured_img":false,"series_order":"","_links":{"self":[{"href":"https:\/\/blog.vida.at\/pensionisten\/wp-json\/wp\/v2\/pages\/1236","targetHints":{"allow":["GET"]}}],"collection":[{"href":"https:\/\/blog.vida.at\/pensionisten\/wp-json\/wp\/v2\/pages"}],"about":[{"href":"https:\/\/blog.vida.at\/pensionisten\/wp-json\/wp\/v2\/types\/page"}],"author":[{"embeddable":true,"href":"https:\/\/blog.vida.at\/pensionisten\/wp-json\/wp\/v2\/users\/5"}],"replies":[{"embeddable":true,"href":"https:\/\/blog.vida.at\/pensionisten\/wp-json\/wp\/v2\/comments?post=1236"}],"version-history":[{"count":13,"href":"https:\/\/blog.vida.at\/pensionisten\/wp-json\/wp\/v2\/pages\/1236\/revisions"}],"predecessor-version":[{"id":1778,"href":"https:\/\/blog.vida.at\/pensionisten\/wp-json\/wp\/v2\/pages\/1236\/revisions\/1778"}],"wp:attachment":[{"href":"https:\/\/blog.vida.at\/pensionisten\/wp-json\/wp\/v2\/media?parent=1236"}],"curies":[{"name":"wp","href":"https:\/\/api.w.org\/{rel}","templated":true}]}}