
{"id":12558,"date":"2026-02-26T10:52:13","date_gmt":"2026-02-26T09:52:13","guid":{"rendered":"https:\/\/blog.vida.at\/pensionisten\/?page_id=12558"},"modified":"2026-02-27T13:20:55","modified_gmt":"2026-02-27T12:20:55","slug":"demo-test","status":"publish","type":"page","link":"https:\/\/blog.vida.at\/pensionisten\/demo-test\/","title":{"rendered":"Demo Test"},"content":{"rendered":"\n<div class=\"wp-block-nk-awb nk-awb\"><div class=\"nk-awb-wrap\" data-awb-type=\"color\"><div class=\"nk-awb-overlay\" style=\"background: #a93030\"><\/div><\/div><div class=\"nk-awb-wrap-content is-layout-constrained wp-block-nk-awb-is-layout-constrained\">\t<div class=\"congrats-container event-container\">\n\t\t\t\t\t<div class=\"wp-block-nk-awb nk-awb\">\n\t\t\t\t<div class=\"nk-awb-wrap nk-awb-rendered\" data-awb-type=\"color\">\n\t\t\t\t\t<div class=\"nk-awb-overlay\" style=\"background-color: rgba(255, 255, 255, 0.86);\"><\/div>\n\t\t\t\t<\/div>\n\t\t\t\t<p class=\"has-text-align-center\" data-block-type=\"core\">\n\t\t\t\t\t<span style=\"color: #e2001a;\" class=\"ugb-highlight\"><strong>OG Herzogenburg\/Neulengbach <\/strong><\/span><br>\n\t\t\t\t\tDatum und Uhrzeit: 05.03.2026 15:20<br>\n\t\t\t\t\tOrt: <span class=\"ortsgruppen\">N\u00d6<\/span><br>\n\t\t\t\t\tArt der Veranstaltung: Heurigenfahrt zum Weingut Hubert Patzl\t\t\t\t\t\t\t\t\t\t\t<br>\n\t\t\t\t\t\t<a href=\"https:\/\/blog.vida.at\/pensionisten\/wp-content\/uploads\/sites\/10\/2026\/02\/Einladung_OG_Herzogenburg_Neulengbach_Heurigenfahrt_2026.pdf\" target=\"_blank\">PDF Datei herunterladen<\/a>\n\t\t\t\t\t\t\t\t\t<\/p>\n\t\t\t<\/div>\n\t\t\t\t\t<div class=\"wp-block-nk-awb nk-awb\">\n\t\t\t\t<div class=\"nk-awb-wrap nk-awb-rendered\" data-awb-type=\"color\">\n\t\t\t\t\t<div class=\"nk-awb-overlay\" style=\"background-color: rgba(255, 255, 255, 0.86);\"><\/div>\n\t\t\t\t<\/div>\n\t\t\t\t<p class=\"has-text-align-center\" data-block-type=\"core\">\n\t\t\t\t\t<span style=\"color: #e2001a;\" class=\"ugb-highlight\"><strong>OG Herzogenburg\/Neulengbach <\/strong><\/span><br>\n\t\t\t\t\tDatum und Uhrzeit: 06.03.2026 10:00<br>\n\t\t\t\t\tOrt: <span class=\"ortsgruppen\">N\u00d6<\/span><br>\n\t\t\t\t\tArt der Veranstaltung: Fr\u00fchjahrswanderung \u00fcber die Traisenbr\u00fccke, Oberwinden nach Hematen zum Heurigen Nagl\t\t\t\t\t\t\t\t\t\t\t<br>\n\t\t\t\t\t\t<a href=\"https:\/\/blog.vida.at\/pensionisten\/wp-content\/uploads\/sites\/10\/2026\/02\/Einladung_OG_Herzogenburg_Neulengbach_Fruehjahrswanderung_2026.pdf\" target=\"_blank\">PDF Datei herunterladen<\/a>\n\t\t\t\t\t\t\t\t\t<\/p>\n\t\t\t<\/div>\n\t\t\t\t\t<div class=\"wp-block-nk-awb nk-awb\">\n\t\t\t\t<div class=\"nk-awb-wrap nk-awb-rendered\" data-awb-type=\"color\">\n\t\t\t\t\t<div class=\"nk-awb-overlay\" style=\"background-color: rgba(255, 255, 255, 0.86);\"><\/div>\n\t\t\t\t<\/div>\n\t\t\t\t<p class=\"has-text-align-center\" data-block-type=\"core\">\n\t\t\t\t\t<span style=\"color: #e2001a;\" class=\"ugb-highlight\"><strong>OG Herzogenburg\/Neulengbach <\/strong><\/span><br>\n\t\t\t\t\tDatum und Uhrzeit: 07.04.2026 15:00<br>\n\t\t\t\t\tOrt: <span class=\"ortsgruppen\">Herzogenburg, Freizeithalle, Dammstra\u00dfe 1<\/span><br>\n\t\t\t\t\tArt der Veranstaltung: Kegeln\t\t\t\t\t\t\t\t\t\t\t<br>\n\t\t\t\t\t\t<a href=\"https:\/\/blog.vida.at\/pensionisten\/wp-content\/uploads\/sites\/10\/2026\/02\/Einladung_OG_Herzogenburg_Neulengbach_Kegeln_2026.pdf\" target=\"_blank\">PDF Datei herunterladen<\/a>\n\t\t\t\t\t\t\t\t\t<\/p>\n\t\t\t<\/div>\n\t\t\t<\/div>\n<\/div><\/div>\n\n\n\n<p><\/p>\n","protected":false},"excerpt":{"rendered":"","protected":false},"author":1,"featured_media":0,"parent":0,"menu_order":0,"comment_status":"closed","ping_status":"closed","template":"","meta":{"_uag_custom_page_level_css":"","advgb_blocks_editor_width":"","advgb_blocks_columns_visual_guide":"","footnotes":""},"class_list":["post-12558","page","type-page","status-publish","hentry","entry"],"featured_image_urls":{"full":"","thumbnail":"","medium":"","medium_large":"","large":"","1536x1536":"","2048x2048":"","ab-block-post-grid-landscape":"","ab-block-post-grid-square":"","post-thumbnail":"","awb_sm":"","awb_md":"","awb_lg":"","awb_xl":""},"post_excerpt_stackable":"<p>OG Herzogenburg\/Neulengbach Datum und Uhrzeit: 05.03.2026 15:20 Ort: N\u00d6 Art der Veranstaltung: Heurigenfahrt zum Weingut Hubert Patzl PDF Datei herunterladen OG Herzogenburg\/Neulengbach Datum und Uhrzeit: 06.03.2026 10:00 Ort: N\u00d6 Art der Veranstaltung: Fr\u00fchjahrswanderung \u00fcber die Traisenbr\u00fccke, Oberwinden nach Hematen zum Heurigen Nagl PDF Datei herunterladen OG Herzogenburg\/Neulengbach Datum und Uhrzeit: 07.04.2026 15:00 Ort: Herzogenburg, Freizeithalle, Dammstra\u00dfe 1 Art der Veranstaltung: Kegeln PDF Datei herunterladen<\/p>\n","category_list":"","author_info":{"name":"blogvidaoegbvadmin","url":"https:\/\/blog.vida.at\/pensionisten\/author\/blogvidaoegbvadmin\/"},"comments_num":"0 comments","featured_image_urls_v2":{"full":"","thumbnail":"","medium":"","medium_large":"","large":"","1536x1536":"","2048x2048":"","ab-block-post-grid-landscape":"","ab-block-post-grid-square":"","post-thumbnail":"","awb_sm":"","awb_md":"","awb_lg":"","awb_xl":""},"post_excerpt_stackable_v2":"<p>OG Herzogenburg\/Neulengbach Datum und Uhrzeit: 05.03.2026 15:20 Ort: N\u00d6 Art der Veranstaltung: Heurigenfahrt zum Weingut Hubert Patzl PDF Datei herunterladen OG Herzogenburg\/Neulengbach Datum und Uhrzeit: 06.03.2026 10:00 Ort: N\u00d6 Art der Veranstaltung: Fr\u00fchjahrswanderung \u00fcber die Traisenbr\u00fccke, Oberwinden nach Hematen zum Heurigen Nagl PDF Datei herunterladen OG Herzogenburg\/Neulengbach Datum und Uhrzeit: 07.04.2026 15:00 Ort: Herzogenburg, Freizeithalle, Dammstra\u00dfe 1 Art der Veranstaltung: Kegeln PDF Datei herunterladen<\/p>\n","category_list_v2":"","author_info_v2":{"name":"blogvidaoegbvadmin","url":"https:\/\/blog.vida.at\/pensionisten\/author\/blogvidaoegbvadmin\/"},"comments_num_v2":"0 comments","yoast_head":"<!-- This site is optimized with the Yoast SEO plugin v27.1.1 - https:\/\/yoast.com\/product\/yoast-seo-wordpress\/ -->\n<title>Demo Test - vida Pensionisten<\/title>\n<meta name=\"robots\" content=\"index, follow, max-snippet:-1, max-image-preview:large, max-video-preview:-1\" \/>\n<link rel=\"canonical\" href=\"https:\/\/blog.vida.at\/pensionisten\/demo-test\/\" \/>\n<meta property=\"og:locale\" content=\"de_DE\" \/>\n<meta property=\"og:type\" content=\"article\" \/>\n<meta property=\"og:title\" content=\"Demo Test - vida Pensionisten\" \/>\n<meta property=\"og:url\" content=\"https:\/\/blog.vida.at\/pensionisten\/demo-test\/\" \/>\n<meta property=\"og:site_name\" content=\"vida Pensionisten\" \/>\n<meta property=\"article:modified_time\" content=\"2026-02-27T12:20:55+00:00\" \/>\n<meta name=\"twitter:card\" content=\"summary_large_image\" \/>\n<script type=\"application\/ld+json\" class=\"yoast-schema-graph\">{\"@context\":\"https:\/\/schema.org\",\"@graph\":[{\"@type\":\"WebPage\",\"@id\":\"https:\/\/blog.vida.at\/pensionisten\/demo-test\/\",\"url\":\"https:\/\/blog.vida.at\/pensionisten\/demo-test\/\",\"name\":\"Demo Test - vida Pensionisten\",\"isPartOf\":{\"@id\":\"https:\/\/blog.vida.at\/pensionisten\/#website\"},\"datePublished\":\"2026-02-26T09:52:13+00:00\",\"dateModified\":\"2026-02-27T12:20:55+00:00\",\"breadcrumb\":{\"@id\":\"https:\/\/blog.vida.at\/pensionisten\/demo-test\/#breadcrumb\"},\"inLanguage\":\"de\",\"potentialAction\":[{\"@type\":\"ReadAction\",\"target\":[\"https:\/\/blog.vida.at\/pensionisten\/demo-test\/\"]}]},{\"@type\":\"BreadcrumbList\",\"@id\":\"https:\/\/blog.vida.at\/pensionisten\/demo-test\/#breadcrumb\",\"itemListElement\":[{\"@type\":\"ListItem\",\"position\":1,\"name\":\"Startseite\",\"item\":\"https:\/\/blog.vida.at\/pensionisten\/\"},{\"@type\":\"ListItem\",\"position\":2,\"name\":\"Demo Test\"}]},{\"@type\":\"WebSite\",\"@id\":\"https:\/\/blog.vida.at\/pensionisten\/#website\",\"url\":\"https:\/\/blog.vida.at\/pensionisten\/\",\"name\":\"vida Pensionisten\",\"description\":\"\",\"potentialAction\":[{\"@type\":\"SearchAction\",\"target\":{\"@type\":\"EntryPoint\",\"urlTemplate\":\"https:\/\/blog.vida.at\/pensionisten\/?s={search_term_string}\"},\"query-input\":{\"@type\":\"PropertyValueSpecification\",\"valueRequired\":true,\"valueName\":\"search_term_string\"}}],\"inLanguage\":\"de\"}]}<\/script>\n<!-- \/ Yoast SEO plugin. -->","yoast_head_json":{"title":"Demo Test - vida Pensionisten","robots":{"index":"index","follow":"follow","max-snippet":"max-snippet:-1","max-image-preview":"max-image-preview:large","max-video-preview":"max-video-preview:-1"},"canonical":"https:\/\/blog.vida.at\/pensionisten\/demo-test\/","og_locale":"de_DE","og_type":"article","og_title":"Demo Test - vida Pensionisten","og_url":"https:\/\/blog.vida.at\/pensionisten\/demo-test\/","og_site_name":"vida Pensionisten","article_modified_time":"2026-02-27T12:20:55+00:00","twitter_card":"summary_large_image","schema":{"@context":"https:\/\/schema.org","@graph":[{"@type":"WebPage","@id":"https:\/\/blog.vida.at\/pensionisten\/demo-test\/","url":"https:\/\/blog.vida.at\/pensionisten\/demo-test\/","name":"Demo Test - vida Pensionisten","isPartOf":{"@id":"https:\/\/blog.vida.at\/pensionisten\/#website"},"datePublished":"2026-02-26T09:52:13+00:00","dateModified":"2026-02-27T12:20:55+00:00","breadcrumb":{"@id":"https:\/\/blog.vida.at\/pensionisten\/demo-test\/#breadcrumb"},"inLanguage":"de","potentialAction":[{"@type":"ReadAction","target":["https:\/\/blog.vida.at\/pensionisten\/demo-test\/"]}]},{"@type":"BreadcrumbList","@id":"https:\/\/blog.vida.at\/pensionisten\/demo-test\/#breadcrumb","itemListElement":[{"@type":"ListItem","position":1,"name":"Startseite","item":"https:\/\/blog.vida.at\/pensionisten\/"},{"@type":"ListItem","position":2,"name":"Demo Test"}]},{"@type":"WebSite","@id":"https:\/\/blog.vida.at\/pensionisten\/#website","url":"https:\/\/blog.vida.at\/pensionisten\/","name":"vida Pensionisten","description":"","potentialAction":[{"@type":"SearchAction","target":{"@type":"EntryPoint","urlTemplate":"https:\/\/blog.vida.at\/pensionisten\/?s={search_term_string}"},"query-input":{"@type":"PropertyValueSpecification","valueRequired":true,"valueName":"search_term_string"}}],"inLanguage":"de"}]}},"featured_image_src":null,"featured_image_src_square":null,"uagb_featured_image_src":{"full":false,"thumbnail":false,"medium":false,"medium_large":false,"large":false,"1536x1536":false,"2048x2048":false,"ab-block-post-grid-landscape":false,"ab-block-post-grid-square":false,"post-thumbnail":false,"awb_sm":false,"awb_md":false,"awb_lg":false,"awb_xl":false},"uagb_author_info":{"display_name":"blogvidaoegbvadmin","author_link":"https:\/\/blog.vida.at\/pensionisten\/author\/blogvidaoegbvadmin\/"},"uagb_comment_info":0,"uagb_excerpt":null,"coauthors":[],"author_meta":{"author_link":"https:\/\/blog.vida.at\/pensionisten\/author\/blogvidaoegbvadmin\/","display_name":"blogvidaoegbvadmin"},"relative_dates":{"created":"Posted 1\u00a0Monat ago","modified":"Updated 1\u00a0Monat ago"},"absolute_dates":{"created":"Posted on 26. Februar 2026","modified":"Updated on 27. Februar 2026"},"absolute_dates_time":{"created":"Posted on 26. Februar 2026 10:52","modified":"Updated on 27. Februar 2026 13:20"},"featured_img_caption":"","featured_img":false,"series_order":"","_links":{"self":[{"href":"https:\/\/blog.vida.at\/pensionisten\/wp-json\/wp\/v2\/pages\/12558","targetHints":{"allow":["GET"]}}],"collection":[{"href":"https:\/\/blog.vida.at\/pensionisten\/wp-json\/wp\/v2\/pages"}],"about":[{"href":"https:\/\/blog.vida.at\/pensionisten\/wp-json\/wp\/v2\/types\/page"}],"author":[{"embeddable":true,"href":"https:\/\/blog.vida.at\/pensionisten\/wp-json\/wp\/v2\/users\/1"}],"replies":[{"embeddable":true,"href":"https:\/\/blog.vida.at\/pensionisten\/wp-json\/wp\/v2\/comments?post=12558"}],"version-history":[{"count":12,"href":"https:\/\/blog.vida.at\/pensionisten\/wp-json\/wp\/v2\/pages\/12558\/revisions"}],"predecessor-version":[{"id":12581,"href":"https:\/\/blog.vida.at\/pensionisten\/wp-json\/wp\/v2\/pages\/12558\/revisions\/12581"}],"wp:attachment":[{"href":"https:\/\/blog.vida.at\/pensionisten\/wp-json\/wp\/v2\/media?parent=12558"}],"curies":[{"name":"wp","href":"https:\/\/api.w.org\/{rel}","templated":true}]}}