
{"id":1996,"date":"2021-03-02T12:39:43","date_gmt":"2021-03-02T11:39:43","guid":{"rendered":"https:\/\/blog.vida.at\/pensionisten\/?page_id=1996"},"modified":"2021-03-02T12:39:45","modified_gmt":"2021-03-02T11:39:45","slug":"stark-im-einsatz","status":"publish","type":"page","link":"https:\/\/blog.vida.at\/pensionisten\/stark-im-einsatz\/","title":{"rendered":"Stark im Einsatz"},"content":{"rendered":"\n<div class=\"wp-block-group container\"><div class=\"wp-block-group__inner-container is-layout-flow wp-block-group-is-layout-flow\"><div class=\"pt-cv-wrapper\"><div class=\"pt-cv-view pt-cv-grid pt-cv-colsys pt-cv-nolf space-sides\" id=\"pt-cv-view-bf3d54by02\"><div data-id=\"pt-cv-page-1\" class=\"pt-cv-page\" data-cvc=\"1\"><div class=\"col-md-12 col-sm-12 col-xs-12 pt-cv-content-item pt-cv-2-col\"  data-pid=\"1914\"><div class='pt-cv-ifield'><a href=\"https:\/\/blog.vida.at\/pensionisten\/2021\/02\/25\/fuer-dich-stark-im-einsatz\/\" class=\"_self pt-cv-href-thumbnail pt-cv-thumb-left cvplbd\" target=\"_self\" ><img loading=\"lazy\" decoding=\"async\" width=\"298\" height=\"300\" src=\"https:\/\/blog.vida.at\/pensionisten\/wp-content\/uploads\/sites\/10\/2020\/10\/2_LVStv_u_OGVors_24Neulengbach_Josef_Mayer_200pxbreit.jpg2_-298x300.jpg\" class=\"pt-cv-thumbnail img-none pull-left no-lazyload \" alt=\"F\u00fcr dich stark im Einsatz\" srcset=\"https:\/\/blog.vida.at\/pensionisten\/wp-content\/uploads\/sites\/10\/2020\/10\/2_LVStv_u_OGVors_24Neulengbach_Josef_Mayer_200pxbreit.jpg2_-298x300.jpg 298w, https:\/\/blog.vida.at\/pensionisten\/wp-content\/uploads\/sites\/10\/2020\/10\/2_LVStv_u_OGVors_24Neulengbach_Josef_Mayer_200pxbreit.jpg2_-1017x1024.jpg 1017w, https:\/\/blog.vida.at\/pensionisten\/wp-content\/uploads\/sites\/10\/2020\/10\/2_LVStv_u_OGVors_24Neulengbach_Josef_Mayer_200pxbreit.jpg2_-150x150.jpg 150w, https:\/\/blog.vida.at\/pensionisten\/wp-content\/uploads\/sites\/10\/2020\/10\/2_LVStv_u_OGVors_24Neulengbach_Josef_Mayer_200pxbreit.jpg2_-768x773.jpg 768w, https:\/\/blog.vida.at\/pensionisten\/wp-content\/uploads\/sites\/10\/2020\/10\/2_LVStv_u_OGVors_24Neulengbach_Josef_Mayer_200pxbreit.jpg2_-1525x1536.jpg 1525w, https:\/\/blog.vida.at\/pensionisten\/wp-content\/uploads\/sites\/10\/2020\/10\/2_LVStv_u_OGVors_24Neulengbach_Josef_Mayer_200pxbreit.jpg2_-500x504.jpg 500w, https:\/\/blog.vida.at\/pensionisten\/wp-content\/uploads\/sites\/10\/2020\/10\/2_LVStv_u_OGVors_24Neulengbach_Josef_Mayer_200pxbreit.jpg2_-800x806.jpg 800w, https:\/\/blog.vida.at\/pensionisten\/wp-content\/uploads\/sites\/10\/2020\/10\/2_LVStv_u_OGVors_24Neulengbach_Josef_Mayer_200pxbreit.jpg2_-1280x1289.jpg 1280w, https:\/\/blog.vida.at\/pensionisten\/wp-content\/uploads\/sites\/10\/2020\/10\/2_LVStv_u_OGVors_24Neulengbach_Josef_Mayer_200pxbreit.jpg2_-1920x1934.jpg 1920w, https:\/\/blog.vida.at\/pensionisten\/wp-content\/uploads\/sites\/10\/2020\/10\/2_LVStv_u_OGVors_24Neulengbach_Josef_Mayer_200pxbreit.jpg2_-1568x1579.jpg 1568w, https:\/\/blog.vida.at\/pensionisten\/wp-content\/uploads\/sites\/10\/2020\/10\/2_LVStv_u_OGVors_24Neulengbach_Josef_Mayer_200pxbreit.jpg2_.jpg 1988w\" sizes=\"auto, (max-width: 34.9rem) calc(100vw - 2rem), (max-width: 53rem) calc(8 * (100vw \/ 12)), (min-width: 53rem) calc(6 * (100vw \/ 12)), 100vw\" \/><\/a>\n<div class=\"pt-cv-colwrap\"><h3 class=\"pt-cv-title\"><a href=\"https:\/\/blog.vida.at\/pensionisten\/2021\/02\/25\/fuer-dich-stark-im-einsatz\/\" class=\"_self cvplbd\" target=\"_self\" >F\u00fcr dich stark im Einsatz<\/a><\/h3><div class=\"pt-cv-content\"><!-- wp:group {\"className\":\"Container\"} --> <div class=\"wp-block-group Container\"><div class=\"wp-block-group__inner-container\"><!-- wp:heading {\"level\":4} --> <h4><br \/><strong>Josef Mayer erz\u00e4hlt, warum er sich auch in der Pension f\u00fcr die Gewerkschaftsbewegung einsetzt. <\/strong><\/h4> <!-- \/wp:heading --> <!-- wp:paragraph --> <p>Diese Frage wurde mir in der Vergangenheit schon \u00f6fter gestellt: \"Warum tust du dir das an?\" Was tue ich mir an? Ich engagiere mich in meiner Pension in der Gewerkschaft vida, seit 2012 als Ortsgruppenvorsitzender, danach mit \u201eKarrierespr\u00fcngen\u201c in vielen Gremien bis hin zum PensionistInnen-Landesvorsitzenden N\u00d6 und zum Stellvertreter des PensionistInnen-Bundesvorsitzenden.<\/p> <!-- \/wp:paragraph --> <\/div><\/div> <a href=\"https:\/\/blog.vida.at\/pensionisten\/2021\/02\/25\/fuer-dich-stark-im-einsatz\/\" class=\"_self pt-cv-readmore pt-cv-textlink cvplbd\" target=\"_self\">Weiterlesen<\/a><\/div><\/div><\/div><\/div>\n<div class=\"col-md-12 col-sm-12 col-xs-12 pt-cv-content-item pt-cv-2-col\"  data-pid=\"1792\"><div class='pt-cv-ifield'><a href=\"https:\/\/blog.vida.at\/pensionisten\/2021\/01\/11\/helene-starzer-stark-im-einsatz\/\" class=\"_self pt-cv-href-thumbnail pt-cv-thumb-left cvplbd\" target=\"_self\" ><img loading=\"lazy\" decoding=\"async\" width=\"300\" height=\"209\" src=\"https:\/\/blog.vida.at\/pensionisten\/wp-content\/uploads\/sites\/10\/2021\/01\/Helene3_2-300x209.jpg\" class=\"pt-cv-thumbnail img-none pull-left no-lazyload \" alt=\"F\u00fcr dich stark im Einsatz\" srcset=\"https:\/\/blog.vida.at\/pensionisten\/wp-content\/uploads\/sites\/10\/2021\/01\/Helene3_2-300x209.jpg 300w, https:\/\/blog.vida.at\/pensionisten\/wp-content\/uploads\/sites\/10\/2021\/01\/Helene3_2-500x348.jpg 500w, https:\/\/blog.vida.at\/pensionisten\/wp-content\/uploads\/sites\/10\/2021\/01\/Helene3_2.jpg 569w\" sizes=\"auto, (max-width: 34.9rem) calc(100vw - 2rem), (max-width: 53rem) calc(8 * (100vw \/ 12)), (min-width: 53rem) calc(6 * (100vw \/ 12)), 100vw\" \/><\/a>\n<div class=\"pt-cv-colwrap\"><h3 class=\"pt-cv-title\"><a href=\"https:\/\/blog.vida.at\/pensionisten\/2021\/01\/11\/helene-starzer-stark-im-einsatz\/\" class=\"_self cvplbd\" target=\"_self\" >F\u00fcr dich stark im Einsatz<\/a><\/h3><div class=\"pt-cv-content\"><!-- wp:group {\"className\":\"Container\"} --> <div class=\"wp-block-group Container\"><div class=\"wp-block-group__inner-container\"><!-- wp:heading {\"level\":4} --> <h4><br \/><strong>Helene Starzer wurde als erste Frau zur gf. Vorsitzenden der PensionistInnen der vida Wien gew\u00e4hlt.<\/strong><\/h4> <!-- \/wp:heading --> <!-- wp:paragraph --> <p><br \/>Die vida-PensionistInnen sind in ganz \u00d6sterreich stark vertreten. Vom Bodensee bis zum Neusiedler See sind Frauen und M\u00e4nner f\u00fcr unsere Gewerkschaft im Einsatz. In Wien wurde jetzt erstmals eine Frau zur gf. Vorsitzenden der vida-PensionistInnen gew\u00e4hlt. <\/p> <!-- \/wp:paragraph --> <\/div><\/div> <a href=\"https:\/\/blog.vida.at\/pensionisten\/2021\/01\/11\/helene-starzer-stark-im-einsatz\/\" class=\"_self pt-cv-readmore pt-cv-textlink cvplbd\" target=\"_self\">Weiterlesen<\/a><\/div><\/div><\/div><\/div><\/div><\/div><\/div>\t\t\t<style type=\"text\/css\" id=\"pt-cv-inline-style-bcdd4c0a8r\">#pt-cv-view-bf3d54by02.pt-cv-post-border { margin: 0; border-top-width: 1px; border-left-width: 1px }\n#pt-cv-view-bf3d54by02.pt-cv-post-border { margin: 0; border-top-style: solid; border-left-style: solid }\n#pt-cv-view-bf3d54by02.pt-cv-post-border .pt-cv-content-item   { border-right-width: 1px; border-bottom-width: 1px; border-right-style: solid; border-bottom-style: solid; }\n#pt-cv-view-bf3d54by02 .pt-cv-title a, #pt-cv-view-bf3d54by02  .panel-title { font-weight: 600 !important; }\n#pt-cv-view-bf3d54by02  .pt-cv-hover-wrapper::before   { background-color: rgba(0,0,0,.3) !important; }\n#pt-cv-view-bf3d54by02  .pt-cv-content-item:hover .pt-cv-hover-wrapper::before   { background-color: rgba(51,51,51,.6) !important; }\n#pt-cv-view-bf3d54by02:not(.pt-cv-nohover) .pt-cv-mask *   { color: #fff; }\n#pt-cv-view-bf3d54by02 .pt-cv-carousel-caption  { background-color: rgba(51,51,51,.6) !important; }\n#pt-cv-view-bf3d54by02 .pt-cv-specialp { background-color: #CC3333 !important }\n#pt-cv-view-bf3d54by02 .pt-cv-specialp * { color: #fff !important; }\n#pt-cv-view-bf3d54by02 .pt-cv-pficon  { color: #bbb !important; }\n#pt-cv-view-bf3d54by02  .add_to_cart_button, #pt-cv-view-bf3d54by02  .add_to_cart_button *   { color: #ffffff !important; background-color: #00aeef !important; }\n#pt-cv-view-bf3d54by02  .woocommerce-onsale   { color: #ffffff !important; background-color: #ff5a5f !important; }\n#pt-cv-view-bf3d54by02 .pt-cv-readmore:hover  { color: #ffffff !important; background-color: #00aeef !important; }\n#pt-cv-view-bf3d54by02  + .pt-cv-pagination-wrapper .pt-cv-more , #pt-cv-view-bf3d54by02  + .pt-cv-pagination-wrapper .pagination .active a { color: #ffffff !important; background-color: #00aeef !important; }\n[id^='pt-cv-filter-bar-bf3d54by02'] .active.pt-cv-filter-option, [id^='pt-cv-filter-bar-bf3d54by02'] .active .pt-cv-filter-option, [id^='pt-cv-filter-bar-bf3d54by02'] .selected.pt-cv-filter-option, [id^='pt-cv-filter-bar-bf3d54by02'] .dropdown-toggle   { color: #fff !important; background-color: #00aeef !important; }\n[id^='pt-cv-filter-bar-bf3d54by02'] .pt-cv-filter-title   { color: #fff !important; background-color: #00aeef !important; }\n#pt-cv-gls-bf3d54by02 li a.pt-active   { color: #fff !important; background-color: #ff5a5f !important; }\n#pt-cv-view-bf3d54by02 .pt-cv-gls-header  { color: #fff !important; background-color: #00aeef !important; }<\/style>\r\n\t\t\t\n<\/div><\/div>\n","protected":false},"excerpt":{"rendered":"","protected":false},"author":1,"featured_media":0,"parent":0,"menu_order":0,"comment_status":"closed","ping_status":"closed","template":"","meta":{"_uag_custom_page_level_css":"","advgb_blocks_editor_width":"","advgb_blocks_columns_visual_guide":"","footnotes":""},"class_list":["post-1996","page","type-page","status-publish","hentry","entry"],"featured_image_urls":{"full":"","thumbnail":"","medium":"","medium_large":"","large":"","1536x1536":"","2048x2048":"","ab-block-post-grid-landscape":"","ab-block-post-grid-square":"","post-thumbnail":"","awb_sm":"","awb_md":"","awb_lg":"","awb_xl":""},"post_excerpt_stackable":"<p>F\u00fcr dich stark im Einsatz Josef Mayer erz\u00e4hlt, warum er sich auch in der Pension f\u00fcr die Gewerkschaftsbewegung einsetzt. Diese Frage wurde mir in der Vergangenheit schon \u00f6fter gestellt: &#8222;Warum tust du dir das an?&#8220; Was tue ich mir an? Ich engagiere mich in meiner Pension in der Gewerkschaft vida, seit 2012 als Ortsgruppenvorsitzender, danach mit \u201eKarrierespr\u00fcngen\u201c in vielen Gremien bis hin zum PensionistInnen-Landesvorsitzenden N\u00d6 und zum Stellvertreter des PensionistInnen-Bundesvorsitzenden. Weiterlesen F\u00fcr dich stark im Einsatz Helene Starzer wurde als erste Frau zur gf. Vorsitzenden der PensionistInnen der vida Wien gew\u00e4hlt. Die vida-PensionistInnen sind in ganz \u00d6sterreich stark vertreten. Vom&hellip;<\/p>\n","category_list":"","author_info":{"name":"blogvidaoegbvadmin","url":"https:\/\/blog.vida.at\/pensionisten\/author\/blogvidaoegbvadmin\/"},"comments_num":"0 comments","featured_image_urls_v2":{"full":"","thumbnail":"","medium":"","medium_large":"","large":"","1536x1536":"","2048x2048":"","ab-block-post-grid-landscape":"","ab-block-post-grid-square":"","post-thumbnail":"","awb_sm":"","awb_md":"","awb_lg":"","awb_xl":""},"post_excerpt_stackable_v2":"<p>F\u00fcr dich stark im Einsatz Josef Mayer erz\u00e4hlt, warum er sich auch in der Pension f\u00fcr die Gewerkschaftsbewegung einsetzt. Diese Frage wurde mir in der Vergangenheit schon \u00f6fter gestellt: &#8222;Warum tust du dir das an?&#8220; Was tue ich mir an? Ich engagiere mich in meiner Pension in der Gewerkschaft vida, seit 2012 als Ortsgruppenvorsitzender, danach mit \u201eKarrierespr\u00fcngen\u201c in vielen Gremien bis hin zum PensionistInnen-Landesvorsitzenden N\u00d6 und zum Stellvertreter des PensionistInnen-Bundesvorsitzenden. Weiterlesen F\u00fcr dich stark im Einsatz Helene Starzer wurde als erste Frau zur gf. Vorsitzenden der PensionistInnen der vida Wien gew\u00e4hlt. Die vida-PensionistInnen sind in ganz \u00d6sterreich stark vertreten. Vom&hellip;<\/p>\n","category_list_v2":"","author_info_v2":{"name":"blogvidaoegbvadmin","url":"https:\/\/blog.vida.at\/pensionisten\/author\/blogvidaoegbvadmin\/"},"comments_num_v2":"0 comments","yoast_head":"<!-- This site is optimized with the Yoast SEO plugin v27.3 - https:\/\/yoast.com\/product\/yoast-seo-wordpress\/ -->\n<title>Stark im Einsatz - vida Pensionisten<\/title>\n<meta name=\"robots\" content=\"index, follow, max-snippet:-1, max-image-preview:large, max-video-preview:-1\" \/>\n<link rel=\"canonical\" href=\"https:\/\/blog.vida.at\/pensionisten\/stark-im-einsatz\/\" \/>\n<meta property=\"og:locale\" content=\"de_DE\" \/>\n<meta property=\"og:type\" content=\"article\" \/>\n<meta property=\"og:title\" content=\"Stark im Einsatz - vida Pensionisten\" \/>\n<meta property=\"og:url\" content=\"https:\/\/blog.vida.at\/pensionisten\/stark-im-einsatz\/\" \/>\n<meta property=\"og:site_name\" content=\"vida Pensionisten\" \/>\n<meta property=\"article:modified_time\" content=\"2021-03-02T11:39:45+00:00\" \/>\n<meta name=\"twitter:card\" content=\"summary_large_image\" \/>\n<meta name=\"twitter:label1\" content=\"Gesch\u00e4tzte Lesezeit\" \/>\n\t<meta name=\"twitter:data1\" content=\"1\u00a0Minute\" \/>\n<script type=\"application\/ld+json\" class=\"yoast-schema-graph\">{\"@context\":\"https:\\\/\\\/schema.org\",\"@graph\":[{\"@type\":\"WebPage\",\"@id\":\"https:\\\/\\\/blog.vida.at\\\/pensionisten\\\/stark-im-einsatz\\\/\",\"url\":\"https:\\\/\\\/blog.vida.at\\\/pensionisten\\\/stark-im-einsatz\\\/\",\"name\":\"Stark im Einsatz - vida Pensionisten\",\"isPartOf\":{\"@id\":\"https:\\\/\\\/blog.vida.at\\\/pensionisten\\\/#website\"},\"datePublished\":\"2021-03-02T11:39:43+00:00\",\"dateModified\":\"2021-03-02T11:39:45+00:00\",\"breadcrumb\":{\"@id\":\"https:\\\/\\\/blog.vida.at\\\/pensionisten\\\/stark-im-einsatz\\\/#breadcrumb\"},\"inLanguage\":\"de\",\"potentialAction\":[{\"@type\":\"ReadAction\",\"target\":[\"https:\\\/\\\/blog.vida.at\\\/pensionisten\\\/stark-im-einsatz\\\/\"]}]},{\"@type\":\"BreadcrumbList\",\"@id\":\"https:\\\/\\\/blog.vida.at\\\/pensionisten\\\/stark-im-einsatz\\\/#breadcrumb\",\"itemListElement\":[{\"@type\":\"ListItem\",\"position\":1,\"name\":\"Startseite\",\"item\":\"https:\\\/\\\/blog.vida.at\\\/pensionisten\\\/\"},{\"@type\":\"ListItem\",\"position\":2,\"name\":\"Stark im Einsatz\"}]},{\"@type\":\"WebSite\",\"@id\":\"https:\\\/\\\/blog.vida.at\\\/pensionisten\\\/#website\",\"url\":\"https:\\\/\\\/blog.vida.at\\\/pensionisten\\\/\",\"name\":\"vida Pensionisten\",\"description\":\"\",\"potentialAction\":[{\"@type\":\"SearchAction\",\"target\":{\"@type\":\"EntryPoint\",\"urlTemplate\":\"https:\\\/\\\/blog.vida.at\\\/pensionisten\\\/?s={search_term_string}\"},\"query-input\":{\"@type\":\"PropertyValueSpecification\",\"valueRequired\":true,\"valueName\":\"search_term_string\"}}],\"inLanguage\":\"de\"}]}<\/script>\n<!-- \/ Yoast SEO plugin. -->","yoast_head_json":{"title":"Stark im Einsatz - vida Pensionisten","robots":{"index":"index","follow":"follow","max-snippet":"max-snippet:-1","max-image-preview":"max-image-preview:large","max-video-preview":"max-video-preview:-1"},"canonical":"https:\/\/blog.vida.at\/pensionisten\/stark-im-einsatz\/","og_locale":"de_DE","og_type":"article","og_title":"Stark im Einsatz - vida Pensionisten","og_url":"https:\/\/blog.vida.at\/pensionisten\/stark-im-einsatz\/","og_site_name":"vida Pensionisten","article_modified_time":"2021-03-02T11:39:45+00:00","twitter_card":"summary_large_image","twitter_misc":{"Gesch\u00e4tzte Lesezeit":"1\u00a0Minute"},"schema":{"@context":"https:\/\/schema.org","@graph":[{"@type":"WebPage","@id":"https:\/\/blog.vida.at\/pensionisten\/stark-im-einsatz\/","url":"https:\/\/blog.vida.at\/pensionisten\/stark-im-einsatz\/","name":"Stark im Einsatz - vida Pensionisten","isPartOf":{"@id":"https:\/\/blog.vida.at\/pensionisten\/#website"},"datePublished":"2021-03-02T11:39:43+00:00","dateModified":"2021-03-02T11:39:45+00:00","breadcrumb":{"@id":"https:\/\/blog.vida.at\/pensionisten\/stark-im-einsatz\/#breadcrumb"},"inLanguage":"de","potentialAction":[{"@type":"ReadAction","target":["https:\/\/blog.vida.at\/pensionisten\/stark-im-einsatz\/"]}]},{"@type":"BreadcrumbList","@id":"https:\/\/blog.vida.at\/pensionisten\/stark-im-einsatz\/#breadcrumb","itemListElement":[{"@type":"ListItem","position":1,"name":"Startseite","item":"https:\/\/blog.vida.at\/pensionisten\/"},{"@type":"ListItem","position":2,"name":"Stark im Einsatz"}]},{"@type":"WebSite","@id":"https:\/\/blog.vida.at\/pensionisten\/#website","url":"https:\/\/blog.vida.at\/pensionisten\/","name":"vida Pensionisten","description":"","potentialAction":[{"@type":"SearchAction","target":{"@type":"EntryPoint","urlTemplate":"https:\/\/blog.vida.at\/pensionisten\/?s={search_term_string}"},"query-input":{"@type":"PropertyValueSpecification","valueRequired":true,"valueName":"search_term_string"}}],"inLanguage":"de"}]}},"featured_image_src":null,"featured_image_src_square":null,"uagb_featured_image_src":{"full":false,"thumbnail":false,"medium":false,"medium_large":false,"large":false,"1536x1536":false,"2048x2048":false,"ab-block-post-grid-landscape":false,"ab-block-post-grid-square":false,"post-thumbnail":false,"awb_sm":false,"awb_md":false,"awb_lg":false,"awb_xl":false},"uagb_author_info":{"display_name":"blogvidaoegbvadmin","author_link":"https:\/\/blog.vida.at\/pensionisten\/author\/blogvidaoegbvadmin\/"},"uagb_comment_info":0,"uagb_excerpt":null,"coauthors":[],"author_meta":{"author_link":"https:\/\/blog.vida.at\/pensionisten\/author\/blogvidaoegbvadmin\/","display_name":"blogvidaoegbvadmin"},"relative_dates":{"created":"Ver\u00f6ffentlicht 5\u00a0Jahren vor","modified":"Aktualisiert 5\u00a0Jahren vor"},"absolute_dates":{"created":"Ver\u00f6ffentlicht am 2. M\u00e4rz 2021","modified":"Aktualisiert am 2. M\u00e4rz 2021"},"absolute_dates_time":{"created":"Ver\u00f6ffentlicht am 2. M\u00e4rz 2021 12:39","modified":"Aktualisiert am 2. M\u00e4rz 2021 12:39"},"featured_img_caption":"","featured_img":false,"series_order":"","_links":{"self":[{"href":"https:\/\/blog.vida.at\/pensionisten\/wp-json\/wp\/v2\/pages\/1996","targetHints":{"allow":["GET"]}}],"collection":[{"href":"https:\/\/blog.vida.at\/pensionisten\/wp-json\/wp\/v2\/pages"}],"about":[{"href":"https:\/\/blog.vida.at\/pensionisten\/wp-json\/wp\/v2\/types\/page"}],"author":[{"embeddable":true,"href":"https:\/\/blog.vida.at\/pensionisten\/wp-json\/wp\/v2\/users\/1"}],"replies":[{"embeddable":true,"href":"https:\/\/blog.vida.at\/pensionisten\/wp-json\/wp\/v2\/comments?post=1996"}],"version-history":[{"count":2,"href":"https:\/\/blog.vida.at\/pensionisten\/wp-json\/wp\/v2\/pages\/1996\/revisions"}],"predecessor-version":[{"id":1998,"href":"https:\/\/blog.vida.at\/pensionisten\/wp-json\/wp\/v2\/pages\/1996\/revisions\/1998"}],"wp:attachment":[{"href":"https:\/\/blog.vida.at\/pensionisten\/wp-json\/wp\/v2\/media?parent=1996"}],"curies":[{"name":"wp","href":"https:\/\/api.w.org\/{rel}","templated":true}]}}