
{"id":2347,"date":"2021-05-26T12:10:19","date_gmt":"2021-05-26T10:10:19","guid":{"rendered":"https:\/\/blog.vida.at\/pensionisten\/?page_id=2347"},"modified":"2021-05-26T12:14:51","modified_gmt":"2021-05-26T10:14:51","slug":"ortsgruppe-klagenfurt","status":"publish","type":"page","link":"https:\/\/blog.vida.at\/pensionisten\/ortsgruppen\/vida-ortsgruppen-kaernten\/ortsgruppe-klagenfurt\/","title":{"rendered":"Ortsgruppe Klagenfurt"},"content":{"rendered":"\n<div class=\"wp-block-group container\"><div class=\"wp-block-group__inner-container is-layout-flow wp-block-group-is-layout-flow\">\n<h1 class=\"section-title tilted wp-block-heading\">Ortsgruppe Klagenfurt<\/h1>\n\n\n<div class=\"wp-block-advanced-gutenberg-blocks-post ortsgruppen-sticky\">\n\t\t\t<a href=\"https:\/\/blog.vida.at\/pensionisten\/2021\/05\/26\/ortsgruppe-klagenfurt\/\" class=\"wp-block-advanced-gutenberg-blocks-post__image\" style=\"background-image: url('https:\/\/blog.vida.at\/pensionisten\/wp-content\/uploads\/sites\/10\/2021\/05\/burg-300x200.jpg')\">\n\t\t<\/a>\n\t\t<div class=\"wp-block-advanced-gutenberg-blocks-post__content\">\n\t\t<p class=\"wp-block-advanced-gutenberg-blocks-post__title\">\n\t\t\t<a href=\"https:\/\/blog.vida.at\/pensionisten\/2021\/05\/26\/ortsgruppe-klagenfurt\/\">Ortsgruppe Klagenfurt<\/a>\n\t\t<\/p>\n\t\t<p class=\"wp-block-advanced-gutenberg-blocks-post__metas\">\n\t\t\t<em>\n\t\t\t\t\t\t\t\t\t\t\t<\/em>\n\t\t<\/p>\n\t\t<div class=\"wp-block-advanced-gutenberg-blocks-post__excerpt\">\n\t\t\t<p>\n\t\t\t\t<p>Lorem ipsum dolor sit amet, consetetur sadipscing elitr, sed diam nonumy eirmod tempor invidunt ut labore et dolore magna aliquyam erat, sed diam voluptua. At vero eos et accusam et justo duo dolores et ea rebum. Stet clita kasd gubergren, no sea takimata sanctus est Lorem ipsum dolor sit amet.<\/p>\n\t\t\t<\/p>\n\t\t<\/div>\n\t\t<p class=\"wp-block-advanced-gutenberg-blocks-product__actions\">\n\t\t\t<a href=\"https:\/\/blog.vida.at\/pensionisten\/2021\/05\/26\/ortsgruppe-klagenfurt\/\" class=\"wp-block-advanced-gutenberg-blocks-post__button\">\n\t\t\t\tRead more\t\t\t<\/a>\n\t\t<\/p>\n\t<\/div>\n<\/div>\n\n\n\n<h2 class=\"section-title tilted wp-block-heading\">Aktuelles aus der Ortsgruppe<\/h2>\n\n\n<div class=\"pt-cv-wrapper\"><div class=\"pt-cv-view pt-cv-grid pt-cv-colsys pt-cv-same-height\" id=\"pt-cv-view-79bdf22o35\"><div data-id=\"pt-cv-page-1\" class=\"pt-cv-page\" data-cvc=\"3\" data-cvct=\"2\" data-cvcm=\"1\"><div class=\"col-md-4 col-sm-6 col-xs-12 pt-cv-content-item pt-cv-1-col\"  data-pid=\"12979\"><div class='pt-cv-ifield'><a href=\"https:\/\/blog.vida.at\/pensionisten\/2026\/04\/23\/vida-gewaehlt-und-geehrt\/\" class=\"_self pt-cv-href-thumbnail pt-cv-thumb-default cvplbd\" target=\"_self\" ><img loading=\"lazy\" decoding=\"async\" width=\"300\" height=\"169\" src=\"https:\/\/blog.vida.at\/pensionisten\/wp-content\/uploads\/sites\/10\/2026\/04\/Foto_Ehrung_Steyr-300x169.jpg\" class=\"pt-cv-thumbnail img-none no-lazyload \" alt=\"vida gew\u00e4hlt und geehrt\" \/><\/a>\n<h4 class=\"pt-cv-title\"><a href=\"https:\/\/blog.vida.at\/pensionisten\/2026\/04\/23\/vida-gewaehlt-und-geehrt\/\" class=\"_self cvplbd\" target=\"_self\" >vida gew\u00e4hlt und geehrt<\/a><\/h4>\n<div class=\"pt-cv-content\">Das war die Mitgliederversammlung und Mitgliederehrung der vida Region Steyr ... <a href=\"https:\/\/blog.vida.at\/pensionisten\/2026\/04\/23\/vida-gewaehlt-und-geehrt\/\" class=\"_self pt-cv-readmore pt-cv-textlink cvplbd\" target=\"_self\">Weiterlesen \u2026<\/a><\/div><\/div><\/div>\n<div class=\"col-md-4 col-sm-6 col-xs-12 pt-cv-content-item pt-cv-1-col\"  data-pid=\"12973\"><div class='pt-cv-ifield'><a href=\"https:\/\/blog.vida.at\/pensionisten\/2026\/04\/22\/vida-gratuliert-25\/\" class=\"_self pt-cv-href-thumbnail pt-cv-thumb-default cvplbd\" target=\"_self\" ><img loading=\"lazy\" decoding=\"async\" width=\"300\" height=\"203\" src=\"https:\/\/blog.vida.at\/pensionisten\/wp-content\/uploads\/sites\/10\/2021\/07\/Geburtstag_adobestock-300x203.jpg\" class=\"pt-cv-thumbnail img-none no-lazyload \" alt=\"vida gratuliert\" \/><\/a>\n<h4 class=\"pt-cv-title\"><a href=\"https:\/\/blog.vida.at\/pensionisten\/2026\/04\/22\/vida-gratuliert-25\/\" class=\"_self cvplbd\" target=\"_self\" >vida gratuliert<\/a><\/h4>\n<div class=\"pt-cv-content\">Die OG Kleinreifling w\u00fcnscht Walter Bauer und Franz Stubauer alles Gute zum 80. Geburtstag ... <a href=\"https:\/\/blog.vida.at\/pensionisten\/2026\/04\/22\/vida-gratuliert-25\/\" class=\"_self pt-cv-readmore pt-cv-textlink cvplbd\" target=\"_self\">Weiterlesen \u2026<\/a><\/div><\/div><\/div>\n<div class=\"col-md-4 col-sm-6 col-xs-12 pt-cv-content-item pt-cv-1-col\"  data-pid=\"12968\"><div class='pt-cv-ifield'><a href=\"https:\/\/blog.vida.at\/pensionisten\/2026\/04\/22\/vida-gratuliert-24\/\" class=\"_self pt-cv-href-thumbnail pt-cv-thumb-default cvplbd\" target=\"_self\" ><img loading=\"lazy\" decoding=\"async\" width=\"300\" height=\"203\" src=\"https:\/\/blog.vida.at\/pensionisten\/wp-content\/uploads\/sites\/10\/2021\/07\/Geburtstag_adobestock-300x203.jpg\" class=\"pt-cv-thumbnail img-none no-lazyload \" alt=\"vida gratuliert\" \/><\/a>\n<h4 class=\"pt-cv-title\"><a href=\"https:\/\/blog.vida.at\/pensionisten\/2026\/04\/22\/vida-gratuliert-24\/\" class=\"_self cvplbd\" target=\"_self\" >vida gratuliert<\/a><\/h4>\n<div class=\"pt-cv-content\">Die OG Wiener Neustadt w\u00fcnscht Johann Steiberger alles Gute zum 80. Geburtstag ... <a href=\"https:\/\/blog.vida.at\/pensionisten\/2026\/04\/22\/vida-gratuliert-24\/\" class=\"_self pt-cv-readmore pt-cv-textlink cvplbd\" target=\"_self\">Weiterlesen \u2026<\/a><\/div><\/div><\/div>\n<div class=\"col-md-4 col-sm-6 col-xs-12 pt-cv-content-item pt-cv-1-col\"  data-pid=\"12962\"><div class='pt-cv-ifield'><a href=\"https:\/\/blog.vida.at\/pensionisten\/2026\/04\/21\/fit-und-gesund-durch-den-fruehling\/\" class=\"_self pt-cv-href-thumbnail pt-cv-thumb-default cvplbd\" target=\"_self\" ><img loading=\"lazy\" decoding=\"async\" width=\"300\" height=\"200\" src=\"https:\/\/blog.vida.at\/pensionisten\/wp-content\/uploads\/sites\/10\/2026\/04\/Sport_Senioren-300x200.png\" class=\"pt-cv-thumbnail img-none no-lazyload \" alt=\"Fit und gesund durch den Fr\u00fchling\" \/><\/a>\n<h4 class=\"pt-cv-title\"><a href=\"https:\/\/blog.vida.at\/pensionisten\/2026\/04\/21\/fit-und-gesund-durch-den-fruehling\/\" class=\"_self cvplbd\" target=\"_self\" >Fit und gesund durch den Fr\u00fchling<\/a><\/h4>\n<div class=\"pt-cv-content\">Alles f\u00fcr deine gesunden Lebensjahre Die \u00d6sterreichische Gesundheitskasse \u00d6GK hat wichtig Tipps - f\u00fcr jedes Alter ... <a href=\"https:\/\/blog.vida.at\/pensionisten\/2026\/04\/21\/fit-und-gesund-durch-den-fruehling\/\" class=\"_self pt-cv-readmore pt-cv-textlink cvplbd\" target=\"_self\">Weiterlesen \u2026<\/a><\/div><\/div><\/div>\n<div class=\"col-md-4 col-sm-6 col-xs-12 pt-cv-content-item pt-cv-1-col\"  data-pid=\"12958\"><div class='pt-cv-ifield'><a href=\"https:\/\/blog.vida.at\/pensionisten\/2026\/04\/21\/vida-gratuliert-23\/\" class=\"_self pt-cv-href-thumbnail pt-cv-thumb-default cvplbd\" target=\"_self\" ><img loading=\"lazy\" decoding=\"async\" width=\"300\" height=\"203\" src=\"https:\/\/blog.vida.at\/pensionisten\/wp-content\/uploads\/sites\/10\/2021\/07\/Geburtstag_adobestock-300x203.jpg\" class=\"pt-cv-thumbnail img-none no-lazyload \" alt=\"vida gratuliert\" \/><\/a>\n<h4 class=\"pt-cv-title\"><a href=\"https:\/\/blog.vida.at\/pensionisten\/2026\/04\/21\/vida-gratuliert-23\/\" class=\"_self cvplbd\" target=\"_self\" >vida gratuliert<\/a><\/h4>\n<div class=\"pt-cv-content\">Die OG Steyr w\u00fcnscht Peter W\u00fchrer alles Gute zum 90. Geburtstag ... <a href=\"https:\/\/blog.vida.at\/pensionisten\/2026\/04\/21\/vida-gratuliert-23\/\" class=\"_self pt-cv-readmore pt-cv-textlink cvplbd\" target=\"_self\">Weiterlesen \u2026<\/a><\/div><\/div><\/div>\n<div class=\"col-md-4 col-sm-6 col-xs-12 pt-cv-content-item pt-cv-1-col\"  data-pid=\"12954\"><div class='pt-cv-ifield'><a href=\"https:\/\/blog.vida.at\/pensionisten\/2026\/04\/21\/vida-gratuliert-22\/\" class=\"_self pt-cv-href-thumbnail pt-cv-thumb-default cvplbd\" target=\"_self\" ><img loading=\"lazy\" decoding=\"async\" width=\"300\" height=\"203\" src=\"https:\/\/blog.vida.at\/pensionisten\/wp-content\/uploads\/sites\/10\/2021\/07\/Geburtstag_adobestock-300x203.jpg\" class=\"pt-cv-thumbnail img-none no-lazyload \" alt=\"vida gratuliert\" \/><\/a>\n<h4 class=\"pt-cv-title\"><a href=\"https:\/\/blog.vida.at\/pensionisten\/2026\/04\/21\/vida-gratuliert-22\/\" class=\"_self cvplbd\" target=\"_self\" >vida gratuliert<\/a><\/h4>\n<div class=\"pt-cv-content\">Die OG Villach-S\u00fcd\/Arnoldstein\/Gailtal w\u00fcnscht Johann Spendier alles Gute zum 80. Geburtstag ... <a href=\"https:\/\/blog.vida.at\/pensionisten\/2026\/04\/21\/vida-gratuliert-22\/\" class=\"_self pt-cv-readmore pt-cv-textlink cvplbd\" target=\"_self\">Weiterlesen \u2026<\/a><\/div><\/div><\/div><\/div><\/div><\/div>\t\t\t<style type=\"text\/css\" id=\"pt-cv-inline-style-e9850eesd1\">#pt-cv-view-79bdf22o35.pt-cv-post-border { margin: 0; border-top-width: 1px; border-left-width: 1px }\n#pt-cv-view-79bdf22o35.pt-cv-post-border { margin: 0; border-top-style: solid; border-left-style: solid }\n#pt-cv-view-79bdf22o35.pt-cv-post-border .pt-cv-content-item   { border-right-width: 1px; border-bottom-width: 1px; border-right-style: solid; border-bottom-style: solid; }\n#pt-cv-view-79bdf22o35 .pt-cv-title a, #pt-cv-view-79bdf22o35  .panel-title { font-weight: 600 !important; }\n#pt-cv-view-79bdf22o35  .pt-cv-hover-wrapper::before   { background-color: rgba(0,0,0,.3) !important; }\n#pt-cv-view-79bdf22o35  .pt-cv-content-item:hover .pt-cv-hover-wrapper::before   { background-color: rgba(51,51,51,.6) !important; }\n#pt-cv-view-79bdf22o35:not(.pt-cv-nohover) .pt-cv-mask *   { color: #fff; }\n#pt-cv-view-79bdf22o35 .pt-cv-carousel-caption  { background-color: rgba(51,51,51,.6) !important; }\n#pt-cv-view-79bdf22o35 .pt-cv-specialp { background-color: #CC3333 !important }\n#pt-cv-view-79bdf22o35 .pt-cv-specialp * { color: #fff !important; }\n#pt-cv-view-79bdf22o35 .pt-cv-pficon  { color: #bbb !important; }\n#pt-cv-view-79bdf22o35  .add_to_cart_button, #pt-cv-view-79bdf22o35  .add_to_cart_button *   { color: #ffffff !important; background-color: #00aeef !important; }\n#pt-cv-view-79bdf22o35  .woocommerce-onsale   { color: #ffffff !important; background-color: #ff5a5f !important; }\n#pt-cv-view-79bdf22o35 .pt-cv-readmore:hover  { color: #ffffff !important; background-color: #00aeef !important; }\n#pt-cv-view-79bdf22o35  + .pt-cv-pagination-wrapper .pt-cv-more , #pt-cv-view-79bdf22o35  + .pt-cv-pagination-wrapper .pagination .active a { color: #ffffff !important; background-color: #00aeef !important; }\n[id^='pt-cv-filter-bar-79bdf22o35'] .active.pt-cv-filter-option, [id^='pt-cv-filter-bar-79bdf22o35'] .active .pt-cv-filter-option, [id^='pt-cv-filter-bar-79bdf22o35'] .selected.pt-cv-filter-option, [id^='pt-cv-filter-bar-79bdf22o35'] .dropdown-toggle   { color: #fff !important; background-color: #00aeef !important; }\n[id^='pt-cv-filter-bar-79bdf22o35'] .pt-cv-filter-title   { color: #fff !important; background-color: #00aeef !important; }\n#pt-cv-gls-79bdf22o35 li a.pt-active   { color: #fff !important; background-color: #ff5a5f !important; }\n#pt-cv-view-79bdf22o35 .pt-cv-gls-header  { color: #fff !important; background-color: #00aeef !important; }<\/style>\r\n\t\t\t\n<\/div><\/div>\n\n\n\n<p><\/p>\n","protected":false},"excerpt":{"rendered":"<p>Ortsgruppe Klagenfurt Aktuelles aus der Ortsgruppe<\/p>\n","protected":false},"author":1,"featured_media":0,"parent":1129,"menu_order":0,"comment_status":"closed","ping_status":"closed","template":"","meta":{"_uag_custom_page_level_css":"","advgb_blocks_editor_width":"","advgb_blocks_columns_visual_guide":"","footnotes":""},"class_list":["post-2347","page","type-page","status-publish","hentry","entry"],"featured_image_urls":{"full":"","thumbnail":"","medium":"","medium_large":"","large":"","1536x1536":"","2048x2048":"","ab-block-post-grid-landscape":"","ab-block-post-grid-square":"","post-thumbnail":"","awb_sm":"","awb_md":"","awb_lg":"","awb_xl":""},"post_excerpt_stackable":"<p>Ortsgruppe Klagenfurt Ortsgruppe Klagenfurt Lorem ipsum dolor sit amet, consetetur sadipscing elitr, sed diam nonumy eirmod tempor invidunt ut labore et dolore magna aliquyam erat, sed diam voluptua. At vero eos et accusam et justo duo dolores et ea rebum. Stet clita kasd gubergren, no sea takimata sanctus est Lorem ipsum dolor sit amet. Read more Aktuelles aus der Ortsgruppe vida gew\u00e4hlt und geehrt Das war die Mitgliederversammlung und Mitgliederehrung der vida Region Steyr &#8230; Weiterlesen \u2026 vida gratuliert Die OG Kleinreifling w\u00fcnscht Walter Bauer und Franz Stubauer alles Gute zum 80. Geburtstag &#8230; Weiterlesen \u2026 vida gratuliert Die OG&hellip;<\/p>\n","category_list":"","author_info":{"name":"blogvidaoegbvadmin","url":"https:\/\/blog.vida.at\/pensionisten\/author\/blogvidaoegbvadmin\/"},"comments_num":"0 comments","featured_image_urls_v2":{"full":"","thumbnail":"","medium":"","medium_large":"","large":"","1536x1536":"","2048x2048":"","ab-block-post-grid-landscape":"","ab-block-post-grid-square":"","post-thumbnail":"","awb_sm":"","awb_md":"","awb_lg":"","awb_xl":""},"post_excerpt_stackable_v2":"<p>Ortsgruppe Klagenfurt Ortsgruppe Klagenfurt Lorem ipsum dolor sit amet, consetetur sadipscing elitr, sed diam nonumy eirmod tempor invidunt ut labore et dolore magna aliquyam erat, sed diam voluptua. At vero eos et accusam et justo duo dolores et ea rebum. Stet clita kasd gubergren, no sea takimata sanctus est Lorem ipsum dolor sit amet. Read more Aktuelles aus der Ortsgruppe vida gew\u00e4hlt und geehrt Das war die Mitgliederversammlung und Mitgliederehrung der vida Region Steyr &#8230; Weiterlesen \u2026 vida gratuliert Die OG Kleinreifling w\u00fcnscht Walter Bauer und Franz Stubauer alles Gute zum 80. Geburtstag &#8230; Weiterlesen \u2026 vida gratuliert Die OG&hellip;<\/p>\n","category_list_v2":"","author_info_v2":{"name":"blogvidaoegbvadmin","url":"https:\/\/blog.vida.at\/pensionisten\/author\/blogvidaoegbvadmin\/"},"comments_num_v2":"0 comments","yoast_head":"<!-- This site is optimized with the Yoast SEO plugin v27.3 - https:\/\/yoast.com\/product\/yoast-seo-wordpress\/ -->\n<title>Ortsgruppe Klagenfurt - vida Pensionisten<\/title>\n<meta name=\"robots\" content=\"index, follow, max-snippet:-1, max-image-preview:large, max-video-preview:-1\" \/>\n<link rel=\"canonical\" href=\"https:\/\/blog.vida.at\/pensionisten\/ortsgruppen\/vida-ortsgruppen-kaernten\/ortsgruppe-klagenfurt\/\" \/>\n<meta property=\"og:locale\" content=\"de_DE\" \/>\n<meta property=\"og:type\" content=\"article\" \/>\n<meta property=\"og:title\" content=\"Ortsgruppe Klagenfurt - vida Pensionisten\" \/>\n<meta property=\"og:description\" content=\"Ortsgruppe Klagenfurt Aktuelles aus der Ortsgruppe\" \/>\n<meta property=\"og:url\" content=\"https:\/\/blog.vida.at\/pensionisten\/ortsgruppen\/vida-ortsgruppen-kaernten\/ortsgruppe-klagenfurt\/\" \/>\n<meta property=\"og:site_name\" content=\"vida Pensionisten\" \/>\n<meta property=\"article:modified_time\" content=\"2021-05-26T10:14:51+00:00\" \/>\n<meta name=\"twitter:card\" content=\"summary_large_image\" \/>\n<meta name=\"twitter:label1\" content=\"Gesch\u00e4tzte Lesezeit\" \/>\n\t<meta name=\"twitter:data1\" content=\"1\u00a0Minute\" \/>\n<script type=\"application\/ld+json\" class=\"yoast-schema-graph\">{\"@context\":\"https:\\\/\\\/schema.org\",\"@graph\":[{\"@type\":\"WebPage\",\"@id\":\"https:\\\/\\\/blog.vida.at\\\/pensionisten\\\/ortsgruppen\\\/vida-ortsgruppen-kaernten\\\/ortsgruppe-klagenfurt\\\/\",\"url\":\"https:\\\/\\\/blog.vida.at\\\/pensionisten\\\/ortsgruppen\\\/vida-ortsgruppen-kaernten\\\/ortsgruppe-klagenfurt\\\/\",\"name\":\"Ortsgruppe Klagenfurt - vida Pensionisten\",\"isPartOf\":{\"@id\":\"https:\\\/\\\/blog.vida.at\\\/pensionisten\\\/#website\"},\"datePublished\":\"2021-05-26T10:10:19+00:00\",\"dateModified\":\"2021-05-26T10:14:51+00:00\",\"breadcrumb\":{\"@id\":\"https:\\\/\\\/blog.vida.at\\\/pensionisten\\\/ortsgruppen\\\/vida-ortsgruppen-kaernten\\\/ortsgruppe-klagenfurt\\\/#breadcrumb\"},\"inLanguage\":\"de\",\"potentialAction\":[{\"@type\":\"ReadAction\",\"target\":[\"https:\\\/\\\/blog.vida.at\\\/pensionisten\\\/ortsgruppen\\\/vida-ortsgruppen-kaernten\\\/ortsgruppe-klagenfurt\\\/\"]}]},{\"@type\":\"BreadcrumbList\",\"@id\":\"https:\\\/\\\/blog.vida.at\\\/pensionisten\\\/ortsgruppen\\\/vida-ortsgruppen-kaernten\\\/ortsgruppe-klagenfurt\\\/#breadcrumb\",\"itemListElement\":[{\"@type\":\"ListItem\",\"position\":1,\"name\":\"Startseite\",\"item\":\"https:\\\/\\\/blog.vida.at\\\/pensionisten\\\/\"},{\"@type\":\"ListItem\",\"position\":2,\"name\":\"Bundesl\u00e4ndergruppen\",\"item\":\"https:\\\/\\\/blog.vida.at\\\/pensionisten\\\/ortsgruppen\\\/\"},{\"@type\":\"ListItem\",\"position\":3,\"name\":\"vida-Ortsgruppen K\u00e4rnten\",\"item\":\"https:\\\/\\\/blog.vida.at\\\/pensionisten\\\/ortsgruppen\\\/vida-ortsgruppen-kaernten\\\/\"},{\"@type\":\"ListItem\",\"position\":4,\"name\":\"Ortsgruppe Klagenfurt\"}]},{\"@type\":\"WebSite\",\"@id\":\"https:\\\/\\\/blog.vida.at\\\/pensionisten\\\/#website\",\"url\":\"https:\\\/\\\/blog.vida.at\\\/pensionisten\\\/\",\"name\":\"vida Pensionisten\",\"description\":\"\",\"potentialAction\":[{\"@type\":\"SearchAction\",\"target\":{\"@type\":\"EntryPoint\",\"urlTemplate\":\"https:\\\/\\\/blog.vida.at\\\/pensionisten\\\/?s={search_term_string}\"},\"query-input\":{\"@type\":\"PropertyValueSpecification\",\"valueRequired\":true,\"valueName\":\"search_term_string\"}}],\"inLanguage\":\"de\"}]}<\/script>\n<!-- \/ Yoast SEO plugin. -->","yoast_head_json":{"title":"Ortsgruppe Klagenfurt - vida Pensionisten","robots":{"index":"index","follow":"follow","max-snippet":"max-snippet:-1","max-image-preview":"max-image-preview:large","max-video-preview":"max-video-preview:-1"},"canonical":"https:\/\/blog.vida.at\/pensionisten\/ortsgruppen\/vida-ortsgruppen-kaernten\/ortsgruppe-klagenfurt\/","og_locale":"de_DE","og_type":"article","og_title":"Ortsgruppe Klagenfurt - vida Pensionisten","og_description":"Ortsgruppe Klagenfurt Aktuelles aus der Ortsgruppe","og_url":"https:\/\/blog.vida.at\/pensionisten\/ortsgruppen\/vida-ortsgruppen-kaernten\/ortsgruppe-klagenfurt\/","og_site_name":"vida Pensionisten","article_modified_time":"2021-05-26T10:14:51+00:00","twitter_card":"summary_large_image","twitter_misc":{"Gesch\u00e4tzte Lesezeit":"1\u00a0Minute"},"schema":{"@context":"https:\/\/schema.org","@graph":[{"@type":"WebPage","@id":"https:\/\/blog.vida.at\/pensionisten\/ortsgruppen\/vida-ortsgruppen-kaernten\/ortsgruppe-klagenfurt\/","url":"https:\/\/blog.vida.at\/pensionisten\/ortsgruppen\/vida-ortsgruppen-kaernten\/ortsgruppe-klagenfurt\/","name":"Ortsgruppe Klagenfurt - vida Pensionisten","isPartOf":{"@id":"https:\/\/blog.vida.at\/pensionisten\/#website"},"datePublished":"2021-05-26T10:10:19+00:00","dateModified":"2021-05-26T10:14:51+00:00","breadcrumb":{"@id":"https:\/\/blog.vida.at\/pensionisten\/ortsgruppen\/vida-ortsgruppen-kaernten\/ortsgruppe-klagenfurt\/#breadcrumb"},"inLanguage":"de","potentialAction":[{"@type":"ReadAction","target":["https:\/\/blog.vida.at\/pensionisten\/ortsgruppen\/vida-ortsgruppen-kaernten\/ortsgruppe-klagenfurt\/"]}]},{"@type":"BreadcrumbList","@id":"https:\/\/blog.vida.at\/pensionisten\/ortsgruppen\/vida-ortsgruppen-kaernten\/ortsgruppe-klagenfurt\/#breadcrumb","itemListElement":[{"@type":"ListItem","position":1,"name":"Startseite","item":"https:\/\/blog.vida.at\/pensionisten\/"},{"@type":"ListItem","position":2,"name":"Bundesl\u00e4ndergruppen","item":"https:\/\/blog.vida.at\/pensionisten\/ortsgruppen\/"},{"@type":"ListItem","position":3,"name":"vida-Ortsgruppen K\u00e4rnten","item":"https:\/\/blog.vida.at\/pensionisten\/ortsgruppen\/vida-ortsgruppen-kaernten\/"},{"@type":"ListItem","position":4,"name":"Ortsgruppe Klagenfurt"}]},{"@type":"WebSite","@id":"https:\/\/blog.vida.at\/pensionisten\/#website","url":"https:\/\/blog.vida.at\/pensionisten\/","name":"vida Pensionisten","description":"","potentialAction":[{"@type":"SearchAction","target":{"@type":"EntryPoint","urlTemplate":"https:\/\/blog.vida.at\/pensionisten\/?s={search_term_string}"},"query-input":{"@type":"PropertyValueSpecification","valueRequired":true,"valueName":"search_term_string"}}],"inLanguage":"de"}]}},"featured_image_src":null,"featured_image_src_square":null,"uagb_featured_image_src":{"full":false,"thumbnail":false,"medium":false,"medium_large":false,"large":false,"1536x1536":false,"2048x2048":false,"ab-block-post-grid-landscape":false,"ab-block-post-grid-square":false,"post-thumbnail":false,"awb_sm":false,"awb_md":false,"awb_lg":false,"awb_xl":false},"uagb_author_info":{"display_name":"blogvidaoegbvadmin","author_link":"https:\/\/blog.vida.at\/pensionisten\/author\/blogvidaoegbvadmin\/"},"uagb_comment_info":0,"uagb_excerpt":"Ortsgruppe Klagenfurt Aktuelles aus der Ortsgruppe","coauthors":[],"author_meta":{"author_link":"https:\/\/blog.vida.at\/pensionisten\/author\/blogvidaoegbvadmin\/","display_name":"blogvidaoegbvadmin"},"relative_dates":{"created":"Ver\u00f6ffentlicht 5\u00a0Jahren vor","modified":"Aktualisiert 5\u00a0Jahren vor"},"absolute_dates":{"created":"Ver\u00f6ffentlicht am 26. Mai 2021","modified":"Aktualisiert am 26. Mai 2021"},"absolute_dates_time":{"created":"Ver\u00f6ffentlicht am 26. Mai 2021 12:10","modified":"Aktualisiert am 26. Mai 2021 12:14"},"featured_img_caption":"","featured_img":false,"series_order":"","_links":{"self":[{"href":"https:\/\/blog.vida.at\/pensionisten\/wp-json\/wp\/v2\/pages\/2347","targetHints":{"allow":["GET"]}}],"collection":[{"href":"https:\/\/blog.vida.at\/pensionisten\/wp-json\/wp\/v2\/pages"}],"about":[{"href":"https:\/\/blog.vida.at\/pensionisten\/wp-json\/wp\/v2\/types\/page"}],"author":[{"embeddable":true,"href":"https:\/\/blog.vida.at\/pensionisten\/wp-json\/wp\/v2\/users\/1"}],"replies":[{"embeddable":true,"href":"https:\/\/blog.vida.at\/pensionisten\/wp-json\/wp\/v2\/comments?post=2347"}],"version-history":[{"count":4,"href":"https:\/\/blog.vida.at\/pensionisten\/wp-json\/wp\/v2\/pages\/2347\/revisions"}],"predecessor-version":[{"id":2354,"href":"https:\/\/blog.vida.at\/pensionisten\/wp-json\/wp\/v2\/pages\/2347\/revisions\/2354"}],"up":[{"embeddable":true,"href":"https:\/\/blog.vida.at\/pensionisten\/wp-json\/wp\/v2\/pages\/1129"}],"wp:attachment":[{"href":"https:\/\/blog.vida.at\/pensionisten\/wp-json\/wp\/v2\/media?parent=2347"}],"curies":[{"name":"wp","href":"https:\/\/api.w.org\/{rel}","templated":true}]}}