
{"id":906,"date":"2020-10-06T15:10:54","date_gmt":"2020-10-06T13:10:54","guid":{"rendered":"http:\/\/blog.vida.at\/pensionisten\/?page_id=906"},"modified":"2024-06-19T10:45:56","modified_gmt":"2024-06-19T08:45:56","slug":"wir-sind-vida-pensionistinnen","status":"publish","type":"page","link":"https:\/\/blog.vida.at\/pensionisten\/wir-sind-vida-pensionistinnen\/","title":{"rendered":"Wir sind vida-Pensionist:innen"},"content":{"rendered":"\n<div class=\"wp-block-group container\"><div class=\"wp-block-group__inner-container is-layout-flow wp-block-group-is-layout-flow\">\n<p>Pensionist:innen sind ein wesentlicher Bestandteil der vida \u2013 ihnen gilt unser voller Einsatz. Wir vertreten \u00fcber 42.000 Mitglieder. Mit vida haben sie einen starken Verb\u00fcndeten und Unterst\u00fctzung, in vielen Lebenslagen.<\/p>\n\n\n\n<p><\/p>\n\n\n\n<p>Wir k\u00e4mpfen gemeinsam f\u00fcr faire und sichere Pensionen, leistbare Gesundheitsversorgung, einen guten \u00f6ffentlichen Verkehr, und den Zusammenhalt aller&nbsp;Generationen.&nbsp;<br><\/p>\n\n\n\n<h3 class=\"wp-block-heading\">Dabeibleiben und mitreden<\/h3>\n\n\n\n<p><strong>Gewerkschaft hat kein Ablaufdatum. Auch in der Pension kann man sich auf die vida verlassen. Wer aktiv dabeibleibt, leistet einen wertvollen Beitrag, dass die Gewerkschaft auch in Zukunft nichts von ihrer Durchsetzungskraft verliert.<\/strong> <\/p>\n\n\n\n<p><\/p>\n\n\n\n<ul class=\"wp-block-list\">\n<li>Denn die vida Pensionist:innen machen sich f\u00fcr die Rechte der Menschen im Ruhestand stark \u2013 bei den j\u00e4hrlichen Pensionsverhandlungen, in Gespr\u00e4chen mit den politischen Entscheidungstr\u00e4ger:innen und bei Beh\u00f6rden. <\/li>\n\n\n\n<li>Wir k\u00e4mpfen gemeinsam f\u00fcr faire und sichere Pensionen leistbare Gesundheitsversorgung guten \u00f6ffentlichen Verkehr Zusammenhalt aller Generationen .<\/li>\n\n\n\n<li>Wir sind Ansprechpartner:innen f\u00fcr viele Fragen des allt\u00e4glichen Lebens: Wir beraten zu Pensionen, Geb\u00fchrenbefreiungen, Pflegegeld, bei Steuer-, Rechts- und Konsumentenschutzangelegenheiten und vielem mehr. Dar\u00fcber hinaus bieten wir Angebote zur Gesundheitsvorsorge und -f\u00f6rderung, Versicherungsleistungen und Unterst\u00fctzungen in Notlagen, Weiterbildung, Urlaubsangebote, Gruppenreisen, Vorteilsangebote, Geselligkeit und Unterhaltung in unseren Ortsgruppen an.<\/li>\n<\/ul>\n\n\n\n<figure class=\"wp-block-pullquote\"><blockquote><p>\u201eGerade in turbulenten Zeiten ist es wichtig, dass auch die \u00e4ltere Generation am gesellschaftlichen und politischen Leben teilhaben kann. Daf\u00fcr setzen wir vida Pensionist:innen uns in unserer t\u00e4glichen Arbeit ein!<\/p><cite>JOSEF WIESINGER<br>Bundespensionist:innenvorsitzender in der vida<\/cite><\/blockquote><\/figure>\n\n\n\n<figure class=\"wp-block-embed is-type-video is-provider-youtube wp-block-embed-youtube wp-embed-aspect-16-9 wp-has-aspect-ratio\"><div class=\"wp-block-embed__wrapper\">\n<iframe loading=\"lazy\" title=\"Mehr vida, mehr Pensionist:innen\" width=\"640\" height=\"360\" src=\"https:\/\/www.youtube.com\/embed\/9DcObx09VGk?feature=oembed\" frameborder=\"0\" allow=\"accelerometer; autoplay; clipboard-write; encrypted-media; gyroscope; picture-in-picture; web-share\" referrerpolicy=\"strict-origin-when-cross-origin\" allowfullscreen><\/iframe>\n<\/div><\/figure>\n<\/div><\/div>\n","protected":false},"excerpt":{"rendered":"<p>Pensionist:innen sind ein wesentlicher Bestandteil der vida \u2013 ihnen gilt unser voller Einsatz. Wir vertreten \u00fcber 42.000 Mitglieder. Mit vida haben sie einen starken Verb\u00fcndeten und Unterst\u00fctzung, in vielen Lebenslagen. Wir k\u00e4mpfen gemeinsam f\u00fcr faire und sichere Pensionen, leistbare Gesundheitsversorgung, einen guten \u00f6ffentlichen Verkehr, und den Zusammenhalt aller&nbsp;Generationen.&nbsp; Dabeibleiben und mitreden Gewerkschaft hat kein Ablaufdatum. &hellip; <\/p>\n<p class=\"link-more\"><a href=\"https:\/\/blog.vida.at\/pensionisten\/wir-sind-vida-pensionistinnen\/\" class=\"more-link\"><span class=\"screen-reader-text\">\u201eWir sind vida-Pensionist:innen\u201c <\/span>weiterlesen<\/a><\/p>\n","protected":false},"author":5,"featured_media":0,"parent":0,"menu_order":0,"comment_status":"closed","ping_status":"open","template":"","meta":{"_uag_custom_page_level_css":"","advgb_blocks_editor_width":"","advgb_blocks_columns_visual_guide":"","footnotes":""},"class_list":["post-906","page","type-page","status-publish","hentry","entry"],"featured_image_urls":{"full":"","thumbnail":"","medium":"","medium_large":"","large":"","1536x1536":"","2048x2048":"","ab-block-post-grid-landscape":"","ab-block-post-grid-square":"","post-thumbnail":"","awb_sm":"","awb_md":"","awb_lg":"","awb_xl":""},"post_excerpt_stackable":"<p>Pensionist:innen sind ein wesentlicher Bestandteil der vida \u2013 ihnen gilt unser voller Einsatz. Wir vertreten \u00fcber 42.000 Mitglieder. Mit vida haben sie einen starken Verb\u00fcndeten und Unterst\u00fctzung, in vielen Lebenslagen. Wir k\u00e4mpfen gemeinsam f\u00fcr faire und sichere Pensionen, leistbare Gesundheitsversorgung, einen guten \u00f6ffentlichen Verkehr, und den Zusammenhalt aller&nbsp;Generationen.&nbsp; Dabeibleiben und mitreden Gewerkschaft hat kein Ablaufdatum. Auch in der Pension kann man sich auf die vida verlassen. Wer aktiv dabeibleibt, leistet einen wertvollen Beitrag, dass die Gewerkschaft auch in Zukunft nichts von ihrer Durchsetzungskraft verliert. Denn die vida Pensionist:innen machen sich f\u00fcr die Rechte der Menschen im Ruhestand stark \u2013 bei&hellip;<\/p>\n","category_list":"","author_info":{"name":"michaelafeik","url":"https:\/\/blog.vida.at\/pensionisten\/author\/michaelafeik\/"},"comments_num":"0 comments","featured_image_urls_v2":{"full":"","thumbnail":"","medium":"","medium_large":"","large":"","1536x1536":"","2048x2048":"","ab-block-post-grid-landscape":"","ab-block-post-grid-square":"","post-thumbnail":"","awb_sm":"","awb_md":"","awb_lg":"","awb_xl":""},"post_excerpt_stackable_v2":"<p>Pensionist:innen sind ein wesentlicher Bestandteil der vida \u2013 ihnen gilt unser voller Einsatz. Wir vertreten \u00fcber 42.000 Mitglieder. Mit vida haben sie einen starken Verb\u00fcndeten und Unterst\u00fctzung, in vielen Lebenslagen. Wir k\u00e4mpfen gemeinsam f\u00fcr faire und sichere Pensionen, leistbare Gesundheitsversorgung, einen guten \u00f6ffentlichen Verkehr, und den Zusammenhalt aller&nbsp;Generationen.&nbsp; Dabeibleiben und mitreden Gewerkschaft hat kein Ablaufdatum. Auch in der Pension kann man sich auf die vida verlassen. Wer aktiv dabeibleibt, leistet einen wertvollen Beitrag, dass die Gewerkschaft auch in Zukunft nichts von ihrer Durchsetzungskraft verliert. Denn die vida Pensionist:innen machen sich f\u00fcr die Rechte der Menschen im Ruhestand stark \u2013 bei&hellip;<\/p>\n","category_list_v2":"","author_info_v2":{"name":"michaelafeik","url":"https:\/\/blog.vida.at\/pensionisten\/author\/michaelafeik\/"},"comments_num_v2":"0 comments","yoast_head":"<!-- This site is optimized with the Yoast SEO plugin v27.1.1 - https:\/\/yoast.com\/product\/yoast-seo-wordpress\/ -->\n<title>Wir sind vida-Pensionist:innen - vida Pensionisten<\/title>\n<meta name=\"robots\" content=\"index, follow, max-snippet:-1, max-image-preview:large, max-video-preview:-1\" \/>\n<link rel=\"canonical\" href=\"https:\/\/blog.vida.at\/pensionisten\/wir-sind-vida-pensionistinnen\/\" \/>\n<meta property=\"og:locale\" content=\"de_DE\" \/>\n<meta property=\"og:type\" content=\"article\" \/>\n<meta property=\"og:title\" content=\"Wir sind vida-Pensionist:innen - vida Pensionisten\" \/>\n<meta property=\"og:description\" content=\"Pensionist:innen sind ein wesentlicher Bestandteil der vida \u2013 ihnen gilt unser voller Einsatz. Wir vertreten \u00fcber 42.000 Mitglieder. Mit vida haben sie einen starken Verb\u00fcndeten und Unterst\u00fctzung, in vielen Lebenslagen. Wir k\u00e4mpfen gemeinsam f\u00fcr faire und sichere Pensionen, leistbare Gesundheitsversorgung, einen guten \u00f6ffentlichen Verkehr, und den Zusammenhalt aller&nbsp;Generationen.&nbsp; Dabeibleiben und mitreden Gewerkschaft hat kein Ablaufdatum. &hellip; \u201eWir sind vida-Pensionist:innen\u201c weiterlesen\" \/>\n<meta property=\"og:url\" content=\"https:\/\/blog.vida.at\/pensionisten\/wir-sind-vida-pensionistinnen\/\" \/>\n<meta property=\"og:site_name\" content=\"vida Pensionisten\" \/>\n<meta property=\"article:modified_time\" content=\"2024-06-19T08:45:56+00:00\" \/>\n<meta name=\"twitter:card\" content=\"summary_large_image\" \/>\n<meta name=\"twitter:label1\" content=\"Gesch\u00e4tzte Lesezeit\" \/>\n\t<meta name=\"twitter:data1\" content=\"1\u00a0Minute\" \/>\n<script type=\"application\/ld+json\" class=\"yoast-schema-graph\">{\"@context\":\"https:\/\/schema.org\",\"@graph\":[{\"@type\":\"WebPage\",\"@id\":\"https:\/\/blog.vida.at\/pensionisten\/wir-sind-vida-pensionistinnen\/\",\"url\":\"https:\/\/blog.vida.at\/pensionisten\/wir-sind-vida-pensionistinnen\/\",\"name\":\"Wir sind vida-Pensionist:innen - vida Pensionisten\",\"isPartOf\":{\"@id\":\"https:\/\/blog.vida.at\/pensionisten\/#website\"},\"datePublished\":\"2020-10-06T13:10:54+00:00\",\"dateModified\":\"2024-06-19T08:45:56+00:00\",\"breadcrumb\":{\"@id\":\"https:\/\/blog.vida.at\/pensionisten\/wir-sind-vida-pensionistinnen\/#breadcrumb\"},\"inLanguage\":\"de\",\"potentialAction\":[{\"@type\":\"ReadAction\",\"target\":[\"https:\/\/blog.vida.at\/pensionisten\/wir-sind-vida-pensionistinnen\/\"]}]},{\"@type\":\"BreadcrumbList\",\"@id\":\"https:\/\/blog.vida.at\/pensionisten\/wir-sind-vida-pensionistinnen\/#breadcrumb\",\"itemListElement\":[{\"@type\":\"ListItem\",\"position\":1,\"name\":\"Startseite\",\"item\":\"https:\/\/blog.vida.at\/pensionisten\/\"},{\"@type\":\"ListItem\",\"position\":2,\"name\":\"Wir sind vida-Pensionist:innen\"}]},{\"@type\":\"WebSite\",\"@id\":\"https:\/\/blog.vida.at\/pensionisten\/#website\",\"url\":\"https:\/\/blog.vida.at\/pensionisten\/\",\"name\":\"vida Pensionisten\",\"description\":\"\",\"potentialAction\":[{\"@type\":\"SearchAction\",\"target\":{\"@type\":\"EntryPoint\",\"urlTemplate\":\"https:\/\/blog.vida.at\/pensionisten\/?s={search_term_string}\"},\"query-input\":{\"@type\":\"PropertyValueSpecification\",\"valueRequired\":true,\"valueName\":\"search_term_string\"}}],\"inLanguage\":\"de\"}]}<\/script>\n<!-- \/ Yoast SEO plugin. -->","yoast_head_json":{"title":"Wir sind vida-Pensionist:innen - vida Pensionisten","robots":{"index":"index","follow":"follow","max-snippet":"max-snippet:-1","max-image-preview":"max-image-preview:large","max-video-preview":"max-video-preview:-1"},"canonical":"https:\/\/blog.vida.at\/pensionisten\/wir-sind-vida-pensionistinnen\/","og_locale":"de_DE","og_type":"article","og_title":"Wir sind vida-Pensionist:innen - vida Pensionisten","og_description":"Pensionist:innen sind ein wesentlicher Bestandteil der vida \u2013 ihnen gilt unser voller Einsatz. Wir vertreten \u00fcber 42.000 Mitglieder. Mit vida haben sie einen starken Verb\u00fcndeten und Unterst\u00fctzung, in vielen Lebenslagen. Wir k\u00e4mpfen gemeinsam f\u00fcr faire und sichere Pensionen, leistbare Gesundheitsversorgung, einen guten \u00f6ffentlichen Verkehr, und den Zusammenhalt aller&nbsp;Generationen.&nbsp; Dabeibleiben und mitreden Gewerkschaft hat kein Ablaufdatum. &hellip; \u201eWir sind vida-Pensionist:innen\u201c weiterlesen","og_url":"https:\/\/blog.vida.at\/pensionisten\/wir-sind-vida-pensionistinnen\/","og_site_name":"vida Pensionisten","article_modified_time":"2024-06-19T08:45:56+00:00","twitter_card":"summary_large_image","twitter_misc":{"Gesch\u00e4tzte Lesezeit":"1\u00a0Minute"},"schema":{"@context":"https:\/\/schema.org","@graph":[{"@type":"WebPage","@id":"https:\/\/blog.vida.at\/pensionisten\/wir-sind-vida-pensionistinnen\/","url":"https:\/\/blog.vida.at\/pensionisten\/wir-sind-vida-pensionistinnen\/","name":"Wir sind vida-Pensionist:innen - vida Pensionisten","isPartOf":{"@id":"https:\/\/blog.vida.at\/pensionisten\/#website"},"datePublished":"2020-10-06T13:10:54+00:00","dateModified":"2024-06-19T08:45:56+00:00","breadcrumb":{"@id":"https:\/\/blog.vida.at\/pensionisten\/wir-sind-vida-pensionistinnen\/#breadcrumb"},"inLanguage":"de","potentialAction":[{"@type":"ReadAction","target":["https:\/\/blog.vida.at\/pensionisten\/wir-sind-vida-pensionistinnen\/"]}]},{"@type":"BreadcrumbList","@id":"https:\/\/blog.vida.at\/pensionisten\/wir-sind-vida-pensionistinnen\/#breadcrumb","itemListElement":[{"@type":"ListItem","position":1,"name":"Startseite","item":"https:\/\/blog.vida.at\/pensionisten\/"},{"@type":"ListItem","position":2,"name":"Wir sind vida-Pensionist:innen"}]},{"@type":"WebSite","@id":"https:\/\/blog.vida.at\/pensionisten\/#website","url":"https:\/\/blog.vida.at\/pensionisten\/","name":"vida Pensionisten","description":"","potentialAction":[{"@type":"SearchAction","target":{"@type":"EntryPoint","urlTemplate":"https:\/\/blog.vida.at\/pensionisten\/?s={search_term_string}"},"query-input":{"@type":"PropertyValueSpecification","valueRequired":true,"valueName":"search_term_string"}}],"inLanguage":"de"}]}},"featured_image_src":null,"featured_image_src_square":null,"uagb_featured_image_src":{"full":false,"thumbnail":false,"medium":false,"medium_large":false,"large":false,"1536x1536":false,"2048x2048":false,"ab-block-post-grid-landscape":false,"ab-block-post-grid-square":false,"post-thumbnail":false,"awb_sm":false,"awb_md":false,"awb_lg":false,"awb_xl":false},"uagb_author_info":{"display_name":"michaelafeik","author_link":"https:\/\/blog.vida.at\/pensionisten\/author\/michaelafeik\/"},"uagb_comment_info":0,"uagb_excerpt":"Pensionist:innen sind ein wesentlicher Bestandteil der vida \u2013 ihnen gilt unser voller Einsatz. Wir vertreten \u00fcber 42.000 Mitglieder. Mit vida haben sie einen starken Verb\u00fcndeten und Unterst\u00fctzung, in vielen Lebenslagen. Wir k\u00e4mpfen gemeinsam f\u00fcr faire und sichere Pensionen, leistbare Gesundheitsversorgung, einen guten \u00f6ffentlichen Verkehr, und den Zusammenhalt aller&nbsp;Generationen.&nbsp; Dabeibleiben und mitreden Gewerkschaft hat kein Ablaufdatum.&hellip;","coauthors":[],"author_meta":{"author_link":"https:\/\/blog.vida.at\/pensionisten\/author\/michaelafeik\/","display_name":"michaelafeik"},"relative_dates":{"created":"Posted 5\u00a0Jahren ago","modified":"Updated 2\u00a0Jahren ago"},"absolute_dates":{"created":"Posted on 6. Oktober 2020","modified":"Updated on 19. Juni 2024"},"absolute_dates_time":{"created":"Posted on 6. Oktober 2020 15:10","modified":"Updated on 19. Juni 2024 10:45"},"featured_img_caption":"","featured_img":false,"series_order":"","_links":{"self":[{"href":"https:\/\/blog.vida.at\/pensionisten\/wp-json\/wp\/v2\/pages\/906","targetHints":{"allow":["GET"]}}],"collection":[{"href":"https:\/\/blog.vida.at\/pensionisten\/wp-json\/wp\/v2\/pages"}],"about":[{"href":"https:\/\/blog.vida.at\/pensionisten\/wp-json\/wp\/v2\/types\/page"}],"author":[{"embeddable":true,"href":"https:\/\/blog.vida.at\/pensionisten\/wp-json\/wp\/v2\/users\/5"}],"replies":[{"embeddable":true,"href":"https:\/\/blog.vida.at\/pensionisten\/wp-json\/wp\/v2\/comments?post=906"}],"version-history":[{"count":15,"href":"https:\/\/blog.vida.at\/pensionisten\/wp-json\/wp\/v2\/pages\/906\/revisions"}],"predecessor-version":[{"id":9021,"href":"https:\/\/blog.vida.at\/pensionisten\/wp-json\/wp\/v2\/pages\/906\/revisions\/9021"}],"wp:attachment":[{"href":"https:\/\/blog.vida.at\/pensionisten\/wp-json\/wp\/v2\/media?parent=906"}],"curies":[{"name":"wp","href":"https:\/\/api.w.org\/{rel}","templated":true}]}}